{"id":117,"date":"2024-01-15T10:19:01","date_gmt":"2024-01-15T10:19:01","guid":{"rendered":"https:\/\/exasud.fr\/?page_id=117"},"modified":"2024-04-18T14:23:45","modified_gmt":"2024-04-18T14:23:45","slug":"assistance","status":"publish","type":"page","link":"https:\/\/exasud.fr\/index.php\/assistance\/","title":{"rendered":"Assistance"},"content":{"rendered":"\t\t<div data-elementor-type=\"wp-page\" data-elementor-id=\"117\" class=\"elementor elementor-117\" data-elementor-post-type=\"page\">\n\t\t\t\t\t\t<section class=\"elementor-section elementor-top-section elementor-element elementor-element-4f2d10b elementor-section-content-middle elementor-reverse-tablet elementor-reverse-mobile elementor-section-boxed elementor-section-height-default elementor-section-height-default\" data-id=\"4f2d10b\" data-element_type=\"section\" data-settings=\"{&quot;background_background&quot;:&quot;classic&quot;}\">\n\t\t\t\t\t\t\t<div class=\"elementor-background-overlay\"><\/div>\n\t\t\t\t\t\t\t<div class=\"elementor-container elementor-column-gap-default\">\n\t\t\t\t\t<div class=\"elementor-column elementor-col-50 elementor-top-column elementor-element elementor-element-d49695f elementor-invisible\" data-id=\"d49695f\" data-element_type=\"column\" data-settings=\"{&quot;animation&quot;:&quot;fadeInLeft&quot;}\">\n\t\t\t<div class=\"elementor-widget-wrap elementor-element-populated\">\n\t\t\t\t\t\t<div class=\"elementor-element elementor-element-371a755 elementor-widget__width-initial elementor-widget elementor-widget-heading\" data-id=\"371a755\" data-element_type=\"widget\" data-widget_type=\"heading.default\">\n\t\t\t\t<div class=\"elementor-widget-container\">\n\t\t\t\t\t<h1 class=\"elementor-heading-title elementor-size-default\">Assistance\u200b\u200b<\/h1>\t\t\t\t<\/div>\n\t\t\t\t<\/div>\n\t\t\t\t\t<\/div>\n\t\t<\/div>\n\t\t\t\t<div class=\"elementor-column elementor-col-50 elementor-top-column elementor-element elementor-element-db65ca7 elementor-invisible\" data-id=\"db65ca7\" data-element_type=\"column\" data-settings=\"{&quot;animation&quot;:&quot;fadeInRight&quot;}\">\n\t\t\t<div class=\"elementor-widget-wrap elementor-element-populated\">\n\t\t\t\t\t\t<div class=\"elementor-element elementor-element-9ea0dee elementor-widget__width-initial elementor-widget elementor-widget-image\" data-id=\"9ea0dee\" data-element_type=\"widget\" data-widget_type=\"image.default\">\n\t\t\t\t<div class=\"elementor-widget-container\">\n\t\t\t\t\t\t\t\t\t\t\t\t\t\t\t<img fetchpriority=\"high\" decoding=\"async\" width=\"800\" height=\"800\" src=\"https:\/\/exasud.fr\/wp-content\/uploads\/2024\/04\/Assistance2-copie.webp\" class=\"attachment-full size-full wp-image-4089\" alt=\"\" srcset=\"https:\/\/exasud.fr\/wp-content\/uploads\/2024\/04\/Assistance2-copie.webp 800w, https:\/\/exasud.fr\/wp-content\/uploads\/2024\/04\/Assistance2-copie-300x300.webp 300w, https:\/\/exasud.fr\/wp-content\/uploads\/2024\/04\/Assistance2-copie-150x150.webp 150w, https:\/\/exasud.fr\/wp-content\/uploads\/2024\/04\/Assistance2-copie-768x768.webp 768w, https:\/\/exasud.fr\/wp-content\/uploads\/2024\/04\/Assistance2-copie-600x600.webp 600w\" sizes=\"(max-width: 800px) 100vw, 800px\" \/>\t\t\t\t\t\t\t\t\t\t\t\t\t\t\t<\/div>\n\t\t\t\t<\/div>\n\t\t\t\t\t<\/div>\n\t\t<\/div>\n\t\t\t\t\t<\/div>\n\t\t<\/section>\n\t\t<div class=\"elementor-element elementor-element-fd43f37 e-flex e-con-boxed e-con e-parent\" data-id=\"fd43f37\" data-element_type=\"container\" data-settings=\"{&quot;background_background&quot;:&quot;classic&quot;}\">\n\t\t\t\t\t<div class=\"e-con-inner\">\n\t\t\t\t<div class=\"elementor-element elementor-element-7c1c18d elementor-widget elementor-widget-heading\" data-id=\"7c1c18d\" data-element_type=\"widget\" data-widget_type=\"heading.default\">\n\t\t\t\t<div class=\"elementor-widget-container\">\n\t\t\t\t\t<h2 class=\"elementor-heading-title elementor-size-default\">Besoin d'aide ? Notre \u00e9quipe d'experts est l\u00e0 pour vous !<\/h2>\t\t\t\t<\/div>\n\t\t\t\t<\/div>\n\t\t\t\t<div class=\"elementor-element elementor-element-7326f5b elementor-align-left elementor-widget elementor-widget-button\" data-id=\"7326f5b\" data-element_type=\"widget\" data-widget_type=\"button.default\">\n\t\t\t\t<div class=\"elementor-widget-container\">\n\t\t\t\t\t\t\t\t\t<div class=\"elementor-button-wrapper\">\n\t\t\t\t\t<a class=\"elementor-button elementor-button-link elementor-size-sm\" href=\"https:\/\/get.teamviewer.com\/exasud\" target=\"_blank\">\n\t\t\t\t\t\t<span class=\"elementor-button-content-wrapper\">\n\t\t\t\t\t\t\t\t\t<span class=\"elementor-button-text\">T\u00e9l\u00e9charger TeamViewer<\/span>\n\t\t\t\t\t<\/span>\n\t\t\t\t\t<\/a>\n\t\t\t\t<\/div>\n\t\t\t\t\t\t\t\t<\/div>\n\t\t\t\t<\/div>\n\t\t\t\t<div class=\"elementor-element elementor-element-47dc9a1 elementor-widget elementor-widget-text-editor\" data-id=\"47dc9a1\" data-element_type=\"widget\" data-widget_type=\"text-editor.default\">\n\t\t\t\t<div class=\"elementor-widget-container\">\n\t\t\t\t\t\t\t\t\t<p>T\u00e9l\u00e9chargez d\u00e8s maintenant notre outil d&rsquo;assistance.&nbsp;<span style=\"font-size: 13px; letter-spacing: var( --e-global-typography-b7525bc-letter-spacing ); word-spacing: var( --e-global-typography-b7525bc-word-spacing ); text-align: var(--text-align); background-color: rgba(2, 1, 1, 0); color: var( --e-global-color-primary ); text-transform: var( --e-global-typography-b2ce6af-text-transform );\">Chez EXASUD, nous comprenons l&rsquo;importance d&rsquo;une assistance fiable pour assurer la fluidit\u00e9 de votre activit\u00e9.<\/span><\/p>\t\t\t\t\t\t\t\t<\/div>\n\t\t\t\t<\/div>\n\t\t\t\t\t<\/div>\n\t\t\t\t<\/div>\n\t\t<div class=\"elementor-element elementor-element-4422b3e e-flex e-con-boxed e-con e-parent\" data-id=\"4422b3e\" data-element_type=\"container\" data-settings=\"{&quot;background_background&quot;:&quot;classic&quot;}\">\n\t\t\t\t\t<div class=\"e-con-inner\">\n\t\t\t\t<div class=\"elementor-element elementor-element-741a0ed elementor-widget elementor-widget-heading\" data-id=\"741a0ed\" data-element_type=\"widget\" data-widget_type=\"heading.default\">\n\t\t\t\t<div class=\"elementor-widget-container\">\n\t\t\t\t\t<h2 class=\"elementor-heading-title elementor-size-default\">Nous r\u00e9pondons \u00e0 vos questions !<\/h2>\t\t\t\t<\/div>\n\t\t\t\t<\/div>\n\t\t\t\t\t<\/div>\n\t\t\t\t<\/div>\n\t\t\t\t<section class=\"elementor-section elementor-top-section elementor-element elementor-element-97d5de8 elementor-section-boxed elementor-section-height-default elementor-section-height-default\" data-id=\"97d5de8\" data-element_type=\"section\">\n\t\t\t\t\t\t<div class=\"elementor-container elementor-column-gap-default\">\n\t\t\t\t\t<div class=\"elementor-column elementor-col-100 elementor-top-column elementor-element elementor-element-1581e40a\" data-id=\"1581e40a\" data-element_type=\"column\">\n\t\t\t<div class=\"elementor-widget-wrap elementor-element-populated\">\n\t\t\t\t\t\t<div class=\"elementor-element elementor-element-1a9840d5 elementor-widget__width-initial elementor-widget elementor-widget-elementskit-accordion\" data-id=\"1a9840d5\" data-element_type=\"widget\" data-widget_type=\"elementskit-accordion.default\">\n\t\t\t\t<div class=\"elementor-widget-container\">\n\t\t\t\t\t<div class=\"ekit-wid-con\" >\n        <div class=\"elementskit-accordion floating-style\" id=\"accordion-69e5772995b9a\">\n\n            \n                <div class=\"elementskit-card \">\n                    <div class=\"elementskit-card-header\" id=\"primaryHeading-0-1a9840d5\">\n                        <a href=\"#collapse-d06487869e5772995b9a\" class=\"ekit-accordion--toggler elementskit-btn-link collapsed\" data-ekit-toggle=\"collapse\" data-target=\"#Collapse-d06487869e5772995b9a\" aria-expanded=\"false\" aria-controls=\"Collapse-d06487869e5772995b9a\">\n                            \n                            <span class=\"ekit-accordion-title\">CEGID Expert: Comment conna\u00eetre la TVA \u00e0 payer ou \u00e0 r\u00e9cup\u00e9rer?<\/span>\n\n                            \n                                <div class=\"ekit_accordion_icon_group\">\n                                    <div class=\"ekit_accordion_normal_icon\">\n                                        <!-- Normal Icon -->\n\t\t\t\t\t\t\t\t\t\t<i class=\"icon icon-down-arrow1\"><\/i>                                    <\/div>\n\n                                    <div class=\"ekit_accordion_active_icon\">\n                                        <!-- Active Icon -->\n\t\t\t\t\t\t\t\t\t\t<i class=\"icon icon-up-arrow1\"><\/i>                                    <\/div>\n                                <\/div>\n\n                            \n                                                    <\/a>\n                    <\/div>\n\n                    <div id=\"Collapse-d06487869e5772995b9a\" class=\" collapse\" aria-labelledby=\"primaryHeading-0-1a9840d5\" data-parent=\"#accordion-69e5772995b9a\">\n\n                        <div class=\"elementskit-card-body ekit-accordion--content\">\n                            <p class=\"-Zro6 -ZADH IjV6v AnCKd _57WYp\"><span class=\"d0767\">Afin de consulter votre d\u00e9claration TVA \u00e0 venir en allant dans :<\/span><\/p><p class=\"-Zro6 -ZADH IjV6v AnCKd _57WYp\"><span class=\"d0767\">\u00ab Traitement courant \u00bb \/ <\/span><span class=\"d0767\">\u00ab Consultation des comptes g\u00e9n\u00e9raux \u00bb puis Inscrire \u00ab 445* \u00bb dans la case \u00ab Compte g\u00e9n\u00e9ral du \u00bb.<\/span><\/p><p class=\"-Zro6 -ZADH IjV6v AnCKd _57WYp\"><span class=\"d0767\">Cliquer sur la liste d\u00e9roulante du \u00ab mode de s\u00e9lection \u00bb et choisir \u00ab Mvt\u00e9s sur les exercices (avec ANO) \u00bb.<\/span><\/p><p class=\"-Zro6 -ZADH IjV6v AnCKd _57WYp\"><span class=\"d0767\">Enfin, valider via la touche \u00ab F9 \u00bb de votre clavier pour faire apparaitre tous les comptes de TVA.<\/span><\/p>                        <\/div>\n\n                    <\/div>\n\n                <\/div><!-- .elementskit-card END -->\n\n                \n                <div class=\"elementskit-card \">\n                    <div class=\"elementskit-card-header\" id=\"primaryHeading-1-1a9840d5\">\n                        <a href=\"#collapse-b6b91e969e5772995b9a\" class=\"ekit-accordion--toggler elementskit-btn-link collapsed\" data-ekit-toggle=\"collapse\" data-target=\"#Collapse-b6b91e969e5772995b9a\" aria-expanded=\"false\" aria-controls=\"Collapse-b6b91e969e5772995b9a\">\n                            \n                            <span class=\"ekit-accordion-title\">CEGID Expert: Comment faire quand un compte auxiliaire est en sommeil ?<\/span>\n\n                            \n                                <div class=\"ekit_accordion_icon_group\">\n                                    <div class=\"ekit_accordion_normal_icon\">\n                                        <!-- Normal Icon -->\n\t\t\t\t\t\t\t\t\t\t<i class=\"icon icon-down-arrow1\"><\/i>                                    <\/div>\n\n                                    <div class=\"ekit_accordion_active_icon\">\n                                        <!-- Active Icon -->\n\t\t\t\t\t\t\t\t\t\t<i class=\"icon icon-up-arrow1\"><\/i>                                    <\/div>\n                                <\/div>\n\n                            \n                                                    <\/a>\n                    <\/div>\n\n                    <div id=\"Collapse-b6b91e969e5772995b9a\" class=\" collapse\" aria-labelledby=\"primaryHeading-1-1a9840d5\" data-parent=\"#accordion-69e5772995b9a\">\n\n                        <div class=\"elementskit-card-body ekit-accordion--content\">\n                            <p class=\"-Zro6 -ZADH IjV6v AnCKd _57WYp\"><span class=\"d0767\">Cela veut dire que le compte est ferm\u00e9. <\/span><\/p><p class=\"-Zro6 -ZADH IjV6v AnCKd _57WYp\"><span class=\"d0767\">Il faut aller dans \u00ab Param\u00e9trages \u00bb \/ \u00ab Plan comptable \u00bb \/ \u00ab Comptes auxiliaires \u00bb.<\/span><\/p><p class=\"-Zro6 -ZADH IjV6v AnCKd _57WYp\"><span class=\"d0767\"> S\u00e9lectionner avec la barre espace le(s) compte(s) concern\u00e9(s) \/ Clic droit ou \u00ab F11 \u00bb \/ \u00ab Ouverture \u00bb du compte.<\/span><\/p><p class=\"-Zro6 -ZADH IjV6v AnCKd _57WYp\"><span class=\"d0767\">Le compte est d\u00e9sormais utilisable.<\/span><\/p>                        <\/div>\n\n                    <\/div>\n\n                <\/div><!-- .elementskit-card END -->\n\n                \n                <div class=\"elementskit-card \">\n                    <div class=\"elementskit-card-header\" id=\"primaryHeading-2-1a9840d5\">\n                        <a href=\"#collapse-7e0596369e5772995b9a\" class=\"ekit-accordion--toggler elementskit-btn-link collapsed\" data-ekit-toggle=\"collapse\" data-target=\"#Collapse-7e0596369e5772995b9a\" aria-expanded=\"false\" aria-controls=\"Collapse-7e0596369e5772995b9a\">\n                            \n                            <span class=\"ekit-accordion-title\">CEGID Expert: Comment v\u00e9rifier le solde du compte bancaire lorsque l&#039;on est en saisie?<\/span>\n\n                            \n                                <div class=\"ekit_accordion_icon_group\">\n                                    <div class=\"ekit_accordion_normal_icon\">\n                                        <!-- Normal Icon -->\n\t\t\t\t\t\t\t\t\t\t<i class=\"icon icon-down-arrow1\"><\/i>                                    <\/div>\n\n                                    <div class=\"ekit_accordion_active_icon\">\n                                        <!-- Active Icon -->\n\t\t\t\t\t\t\t\t\t\t<i class=\"icon icon-up-arrow1\"><\/i>                                    <\/div>\n                                <\/div>\n\n                            \n                                                    <\/a>\n                    <\/div>\n\n                    <div id=\"Collapse-7e0596369e5772995b9a\" class=\" collapse\" aria-labelledby=\"primaryHeading-2-1a9840d5\" data-parent=\"#accordion-69e5772995b9a\">\n\n                        <div class=\"elementskit-card-body ekit-accordion--content\">\n                            <p class=\"-Zro6 -ZADH IjV6v AnCKd _57WYp\"><span class=\"d0767\">Dans la grille de saisie, une fois le folio termin\u00e9 :<\/span><\/p><p class=\"-Zro6 -ZADH IjV6v AnCKd _57WYp\"><span class=\"d0767\">Cliquer sur la derni\u00e8re ligne du compte de banque \u00ab 512\u2026.. \u00bb saisie.<\/span><\/p><p class=\"-Zro6 -ZADH IjV6v AnCKd _57WYp\"><span class=\"d0767\">Le solde se trouve juste en dessous de la grille de saisie.<\/span><\/p>                        <\/div>\n\n                    <\/div>\n\n                <\/div><!-- .elementskit-card END -->\n\n                                        <\/div>\n    <\/div>\t\t\t\t<\/div>\n\t\t\t\t<\/div>\n\t\t\t\t\t<\/div>\n\t\t<\/div>\n\t\t\t\t\t<\/div>\n\t\t<\/section>\n\t\t\t\t<\/div>\n\t\t","protected":false},"excerpt":{"rendered":"<p>Assistance\u200b\u200b Besoin d&rsquo;aide ? Notre \u00e9quipe d&rsquo;experts est l\u00e0 pour vous ! T\u00e9l\u00e9charger TeamViewer T\u00e9l\u00e9chargez d\u00e8s maintenant notre outil d&rsquo;assistance.&nbsp;Chez EXASUD, nous comprenons l&rsquo;importance d&rsquo;une assistance fiable pour assurer la fluidit\u00e9 de votre activit\u00e9. Nous r\u00e9pondons \u00e0 vos questions ! CEGID Expert: Comment conna\u00eetre la TVA \u00e0 payer ou \u00e0 r\u00e9cup\u00e9rer? Afin de consulter votre [&hellip;]<\/p>\n","protected":false},"author":1,"featured_media":0,"parent":0,"menu_order":0,"comment_status":"closed","ping_status":"closed","template":"elementor_header_footer","meta":{"footnotes":""},"class_list":["post-117","page","type-page","status-publish","hentry","entry"],"yoast_head":"<!-- This site is optimized with the Yoast SEO plugin v25.8 - https:\/\/yoast.com\/wordpress\/plugins\/seo\/ -->\n<title>Assistance - exasud<\/title>\n<meta name=\"description\" content=\"Besoin d&#039;aide ? Notre \u00e9quipe d&#039;experts est l\u00e0 pour vous ! Trouvez la solution \u00e0 vos probl\u00e8mes avec notre expertise.\" \/>\n<meta name=\"robots\" content=\"index, follow, max-snippet:-1, max-image-preview:large, max-video-preview:-1\" \/>\n<link rel=\"canonical\" href=\"https:\/\/exasud.fr\/index.php\/assistance\/\" \/>\n<meta property=\"og:locale\" content=\"fr_FR\" \/>\n<meta property=\"og:type\" content=\"article\" \/>\n<meta property=\"og:title\" content=\"Assistance - exasud\" \/>\n<meta property=\"og:description\" content=\"Besoin d&#039;aide ? Notre \u00e9quipe d&#039;experts est l\u00e0 pour vous ! Trouvez la solution \u00e0 vos probl\u00e8mes avec notre expertise.\" \/>\n<meta property=\"og:url\" content=\"https:\/\/exasud.fr\/index.php\/assistance\/\" \/>\n<meta property=\"og:site_name\" content=\"exasud\" \/>\n<meta property=\"article:modified_time\" content=\"2024-04-18T14:23:45+00:00\" \/>\n<meta property=\"og:image\" content=\"https:\/\/exasud.fr\/wp-content\/uploads\/2024\/04\/Assistance2-copie.webp\" \/>\n<meta name=\"twitter:card\" content=\"summary_large_image\" \/>\n<meta name=\"twitter:label1\" content=\"Dur\u00e9e de lecture estim\u00e9e\" \/>\n\t<meta name=\"twitter:data1\" content=\"2 minutes\" \/>\n<script type=\"application\/ld+json\" class=\"yoast-schema-graph\">{\"@context\":\"https:\/\/schema.org\",\"@graph\":[{\"@type\":\"WebPage\",\"@id\":\"https:\/\/exasud.fr\/index.php\/assistance\/\",\"url\":\"https:\/\/exasud.fr\/index.php\/assistance\/\",\"name\":\"Assistance - exasud\",\"isPartOf\":{\"@id\":\"https:\/\/exasud.fr\/#website\"},\"primaryImageOfPage\":{\"@id\":\"https:\/\/exasud.fr\/index.php\/assistance\/#primaryimage\"},\"image\":{\"@id\":\"https:\/\/exasud.fr\/index.php\/assistance\/#primaryimage\"},\"thumbnailUrl\":\"https:\/\/exasud.fr\/wp-content\/uploads\/2024\/04\/Assistance2-copie.webp\",\"datePublished\":\"2024-01-15T10:19:01+00:00\",\"dateModified\":\"2024-04-18T14:23:45+00:00\",\"description\":\"Besoin d'aide ? Notre \u00e9quipe d'experts est l\u00e0 pour vous ! Trouvez la solution \u00e0 vos probl\u00e8mes avec notre expertise.\",\"breadcrumb\":{\"@id\":\"https:\/\/exasud.fr\/index.php\/assistance\/#breadcrumb\"},\"inLanguage\":\"fr-FR\",\"potentialAction\":[{\"@type\":\"ReadAction\",\"target\":[\"https:\/\/exasud.fr\/index.php\/assistance\/\"]}]},{\"@type\":\"ImageObject\",\"inLanguage\":\"fr-FR\",\"@id\":\"https:\/\/exasud.fr\/index.php\/assistance\/#primaryimage\",\"url\":\"https:\/\/exasud.fr\/wp-content\/uploads\/2024\/04\/Assistance2-copie.webp\",\"contentUrl\":\"https:\/\/exasud.fr\/wp-content\/uploads\/2024\/04\/Assistance2-copie.webp\",\"width\":800,\"height\":800},{\"@type\":\"BreadcrumbList\",\"@id\":\"https:\/\/exasud.fr\/index.php\/assistance\/#breadcrumb\",\"itemListElement\":[{\"@type\":\"ListItem\",\"position\":1,\"name\":\"Accueil\",\"item\":\"https:\/\/exasud.fr\/\"},{\"@type\":\"ListItem\",\"position\":2,\"name\":\"Assistance\"}]},{\"@type\":\"WebSite\",\"@id\":\"https:\/\/exasud.fr\/#website\",\"url\":\"https:\/\/exasud.fr\/\",\"name\":\"exasud\",\"description\":\"\",\"publisher\":{\"@id\":\"https:\/\/exasud.fr\/#organization\"},\"potentialAction\":[{\"@type\":\"SearchAction\",\"target\":{\"@type\":\"EntryPoint\",\"urlTemplate\":\"https:\/\/exasud.fr\/?s={search_term_string}\"},\"query-input\":{\"@type\":\"PropertyValueSpecification\",\"valueRequired\":true,\"valueName\":\"search_term_string\"}}],\"inLanguage\":\"fr-FR\"},{\"@type\":\"Organization\",\"@id\":\"https:\/\/exasud.fr\/#organization\",\"name\":\"exasud\",\"url\":\"https:\/\/exasud.fr\/\",\"logo\":{\"@type\":\"ImageObject\",\"inLanguage\":\"fr-FR\",\"@id\":\"https:\/\/exasud.fr\/#\/schema\/logo\/image\/\",\"url\":\"https:\/\/exasud.fr\/wp-content\/uploads\/2024\/01\/Exasud_Baseline_RVB.png\",\"contentUrl\":\"https:\/\/exasud.fr\/wp-content\/uploads\/2024\/01\/Exasud_Baseline_RVB.png\",\"width\":2329,\"height\":1273,\"caption\":\"exasud\"},\"image\":{\"@id\":\"https:\/\/exasud.fr\/#\/schema\/logo\/image\/\"}}]}<\/script>\n<!-- \/ Yoast SEO plugin. -->","yoast_head_json":{"title":"Assistance - exasud","description":"Besoin d'aide ? Notre \u00e9quipe d'experts est l\u00e0 pour vous ! Trouvez la solution \u00e0 vos probl\u00e8mes avec notre expertise.","robots":{"index":"index","follow":"follow","max-snippet":"max-snippet:-1","max-image-preview":"max-image-preview:large","max-video-preview":"max-video-preview:-1"},"canonical":"https:\/\/exasud.fr\/index.php\/assistance\/","og_locale":"fr_FR","og_type":"article","og_title":"Assistance - exasud","og_description":"Besoin d'aide ? Notre \u00e9quipe d'experts est l\u00e0 pour vous ! Trouvez la solution \u00e0 vos probl\u00e8mes avec notre expertise.","og_url":"https:\/\/exasud.fr\/index.php\/assistance\/","og_site_name":"exasud","article_modified_time":"2024-04-18T14:23:45+00:00","og_image":[{"url":"https:\/\/exasud.fr\/wp-content\/uploads\/2024\/04\/Assistance2-copie.webp","type":"","width":"","height":""}],"twitter_card":"summary_large_image","twitter_misc":{"Dur\u00e9e de lecture estim\u00e9e":"2 minutes"},"schema":{"@context":"https:\/\/schema.org","@graph":[{"@type":"WebPage","@id":"https:\/\/exasud.fr\/index.php\/assistance\/","url":"https:\/\/exasud.fr\/index.php\/assistance\/","name":"Assistance - exasud","isPartOf":{"@id":"https:\/\/exasud.fr\/#website"},"primaryImageOfPage":{"@id":"https:\/\/exasud.fr\/index.php\/assistance\/#primaryimage"},"image":{"@id":"https:\/\/exasud.fr\/index.php\/assistance\/#primaryimage"},"thumbnailUrl":"https:\/\/exasud.fr\/wp-content\/uploads\/2024\/04\/Assistance2-copie.webp","datePublished":"2024-01-15T10:19:01+00:00","dateModified":"2024-04-18T14:23:45+00:00","description":"Besoin d'aide ? Notre \u00e9quipe d'experts est l\u00e0 pour vous ! Trouvez la solution \u00e0 vos probl\u00e8mes avec notre expertise.","breadcrumb":{"@id":"https:\/\/exasud.fr\/index.php\/assistance\/#breadcrumb"},"inLanguage":"fr-FR","potentialAction":[{"@type":"ReadAction","target":["https:\/\/exasud.fr\/index.php\/assistance\/"]}]},{"@type":"ImageObject","inLanguage":"fr-FR","@id":"https:\/\/exasud.fr\/index.php\/assistance\/#primaryimage","url":"https:\/\/exasud.fr\/wp-content\/uploads\/2024\/04\/Assistance2-copie.webp","contentUrl":"https:\/\/exasud.fr\/wp-content\/uploads\/2024\/04\/Assistance2-copie.webp","width":800,"height":800},{"@type":"BreadcrumbList","@id":"https:\/\/exasud.fr\/index.php\/assistance\/#breadcrumb","itemListElement":[{"@type":"ListItem","position":1,"name":"Accueil","item":"https:\/\/exasud.fr\/"},{"@type":"ListItem","position":2,"name":"Assistance"}]},{"@type":"WebSite","@id":"https:\/\/exasud.fr\/#website","url":"https:\/\/exasud.fr\/","name":"exasud","description":"","publisher":{"@id":"https:\/\/exasud.fr\/#organization"},"potentialAction":[{"@type":"SearchAction","target":{"@type":"EntryPoint","urlTemplate":"https:\/\/exasud.fr\/?s={search_term_string}"},"query-input":{"@type":"PropertyValueSpecification","valueRequired":true,"valueName":"search_term_string"}}],"inLanguage":"fr-FR"},{"@type":"Organization","@id":"https:\/\/exasud.fr\/#organization","name":"exasud","url":"https:\/\/exasud.fr\/","logo":{"@type":"ImageObject","inLanguage":"fr-FR","@id":"https:\/\/exasud.fr\/#\/schema\/logo\/image\/","url":"https:\/\/exasud.fr\/wp-content\/uploads\/2024\/01\/Exasud_Baseline_RVB.png","contentUrl":"https:\/\/exasud.fr\/wp-content\/uploads\/2024\/01\/Exasud_Baseline_RVB.png","width":2329,"height":1273,"caption":"exasud"},"image":{"@id":"https:\/\/exasud.fr\/#\/schema\/logo\/image\/"}}]}},"_links":{"self":[{"href":"https:\/\/exasud.fr\/index.php\/wp-json\/wp\/v2\/pages\/117","targetHints":{"allow":["GET"]}}],"collection":[{"href":"https:\/\/exasud.fr\/index.php\/wp-json\/wp\/v2\/pages"}],"about":[{"href":"https:\/\/exasud.fr\/index.php\/wp-json\/wp\/v2\/types\/page"}],"author":[{"embeddable":true,"href":"https:\/\/exasud.fr\/index.php\/wp-json\/wp\/v2\/users\/1"}],"replies":[{"embeddable":true,"href":"https:\/\/exasud.fr\/index.php\/wp-json\/wp\/v2\/comments?post=117"}],"version-history":[{"count":151,"href":"https:\/\/exasud.fr\/index.php\/wp-json\/wp\/v2\/pages\/117\/revisions"}],"predecessor-version":[{"id":4139,"href":"https:\/\/exasud.fr\/index.php\/wp-json\/wp\/v2\/pages\/117\/revisions\/4139"}],"wp:attachment":[{"href":"https:\/\/exasud.fr\/index.php\/wp-json\/wp\/v2\/media?parent=117"}],"curies":[{"name":"wp","href":"https:\/\/api.w.org\/{rel}","templated":true}]}}