{"id":121,"date":"2024-01-15T10:19:38","date_gmt":"2024-01-15T10:19:38","guid":{"rendered":"https:\/\/exasud.fr\/?page_id=121"},"modified":"2024-04-19T06:46:54","modified_gmt":"2024-04-19T06:46:54","slug":"demander-un-devis","status":"publish","type":"page","link":"https:\/\/exasud.fr\/index.php\/demander-un-devis\/","title":{"rendered":"Demander un devis"},"content":{"rendered":"\t\t<div data-elementor-type=\"wp-page\" data-elementor-id=\"121\" class=\"elementor elementor-121\" data-elementor-post-type=\"page\">\n\t\t\t\t\t\t<section class=\"elementor-section elementor-top-section elementor-element elementor-element-63add5b elementor-section-content-middle elementor-reverse-tablet elementor-reverse-mobile elementor-section-boxed elementor-section-height-default elementor-section-height-default\" data-id=\"63add5b\" data-element_type=\"section\" data-settings=\"{&quot;background_background&quot;:&quot;classic&quot;}\">\n\t\t\t\t\t\t\t<div class=\"elementor-background-overlay\"><\/div>\n\t\t\t\t\t\t\t<div class=\"elementor-container elementor-column-gap-default\">\n\t\t\t\t\t<div class=\"elementor-column elementor-col-50 elementor-top-column elementor-element elementor-element-c702189 elementor-invisible\" data-id=\"c702189\" data-element_type=\"column\" data-settings=\"{&quot;animation&quot;:&quot;fadeInLeft&quot;}\">\n\t\t\t<div class=\"elementor-widget-wrap elementor-element-populated\">\n\t\t\t\t\t\t<div class=\"elementor-element elementor-element-2b3fd31 elementor-widget__width-initial elementor-widget elementor-widget-heading\" data-id=\"2b3fd31\" data-element_type=\"widget\" data-widget_type=\"heading.default\">\n\t\t\t\t<div class=\"elementor-widget-container\">\n\t\t\t\t\t<h1 class=\"elementor-heading-title elementor-size-default\">Demander un devis\u200b<\/h1>\t\t\t\t<\/div>\n\t\t\t\t<\/div>\n\t\t\t\t\t<\/div>\n\t\t<\/div>\n\t\t\t\t<div class=\"elementor-column elementor-col-50 elementor-top-column elementor-element elementor-element-beb58ea elementor-invisible\" data-id=\"beb58ea\" data-element_type=\"column\" data-settings=\"{&quot;animation&quot;:&quot;fadeInRight&quot;}\">\n\t\t\t<div class=\"elementor-widget-wrap elementor-element-populated\">\n\t\t\t\t\t\t<div class=\"elementor-element elementor-element-740b8dc elementor-widget__width-initial elementor-widget elementor-widget-image\" data-id=\"740b8dc\" data-element_type=\"widget\" data-widget_type=\"image.default\">\n\t\t\t\t<div class=\"elementor-widget-container\">\n\t\t\t\t\t\t\t\t\t\t\t\t\t\t\t<img fetchpriority=\"high\" decoding=\"async\" width=\"2153\" height=\"2087\" src=\"https:\/\/exasud.fr\/wp-content\/uploads\/2024\/03\/Devis.png\" class=\"attachment-full size-full wp-image-3710\" alt=\"\" srcset=\"https:\/\/exasud.fr\/wp-content\/uploads\/2024\/03\/Devis.png 2153w, https:\/\/exasud.fr\/wp-content\/uploads\/2024\/03\/Devis-300x291.png 300w, https:\/\/exasud.fr\/wp-content\/uploads\/2024\/03\/Devis-1024x993.png 1024w, https:\/\/exasud.fr\/wp-content\/uploads\/2024\/03\/Devis-768x744.png 768w, https:\/\/exasud.fr\/wp-content\/uploads\/2024\/03\/Devis-1536x1489.png 1536w, https:\/\/exasud.fr\/wp-content\/uploads\/2024\/03\/Devis-2048x1985.png 2048w\" sizes=\"(max-width: 2153px) 100vw, 2153px\" \/>\t\t\t\t\t\t\t\t\t\t\t\t\t\t\t<\/div>\n\t\t\t\t<\/div>\n\t\t\t\t\t<\/div>\n\t\t<\/div>\n\t\t\t\t\t<\/div>\n\t\t<\/section>\n\t\t<div class=\"elementor-element elementor-element-9e8a5fe e-flex e-con-boxed e-con e-parent\" data-id=\"9e8a5fe\" data-element_type=\"container\" data-settings=\"{&quot;background_background&quot;:&quot;classic&quot;}\">\n\t\t\t\t\t<div class=\"e-con-inner\">\n\t\t\t\t<div class=\"elementor-element elementor-element-5377ac39 elementor-widget__width-initial elementor-widget elementor-widget-text-editor\" data-id=\"5377ac39\" data-element_type=\"widget\" data-widget_type=\"text-editor.default\">\n\t\t\t\t<div class=\"elementor-widget-container\">\n\t\t\t\t\t\t\t\t\t<p>Obtenez d\u00e8s aujourd&rsquo;hui un devis personnalis\u00e9 pour b\u00e9n\u00e9ficier de nos services experts en gestion comptable et d\u00e9velopper le plein potentiel de votre entreprise.<\/p>\t\t\t\t\t\t\t\t<\/div>\n\t\t\t\t<\/div>\n\t\t\t\t\t<\/div>\n\t\t\t\t<\/div>\n\t\t<div class=\"elementor-element elementor-element-2f58e333 e-flex e-con-boxed e-con e-parent\" data-id=\"2f58e333\" data-element_type=\"container\" data-settings=\"{&quot;background_background&quot;:&quot;classic&quot;}\">\n\t\t\t\t\t<div class=\"e-con-inner\">\n\t\t\t\t<div class=\"elementor-element elementor-element-27ade9e0 elementor-button-align-center elementor-widget__width-initial elementor-widget elementor-widget-form\" data-id=\"27ade9e0\" data-element_type=\"widget\" data-settings=\"{&quot;button_width&quot;:&quot;30&quot;,&quot;step_next_label&quot;:&quot;Suivant&quot;,&quot;step_previous_label&quot;:&quot;Pr\\u00e9c\\u00e9dent&quot;,&quot;step_type&quot;:&quot;number_text&quot;,&quot;step_icon_shape&quot;:&quot;circle&quot;}\" data-widget_type=\"form.default\">\n\t\t\t\t<div class=\"elementor-widget-container\">\n\t\t\t\t\t\t\t<form class=\"elementor-form\" method=\"post\" name=\"Nouveau formulaire\" aria-label=\"Nouveau formulaire\">\n\t\t\t<input type=\"hidden\" name=\"post_id\" value=\"121\"\/>\n\t\t\t<input type=\"hidden\" name=\"form_id\" value=\"27ade9e0\"\/>\n\t\t\t<input type=\"hidden\" name=\"referer_title\" value=\"Demander un devis - exasud\" \/>\n\n\t\t\t\t\t\t\t<input type=\"hidden\" name=\"queried_id\" value=\"121\"\/>\n\t\t\t\n\t\t\t<div class=\"elementor-form-fields-wrapper elementor-labels-above\">\n\t\t\t\t\t\t\t\t<div class=\"elementor-field-type-html elementor-field-group elementor-column elementor-field-group-field_6ace0f5 elementor-col-100\">\n\t\t\t\t\t<div style=\"display: flex; flex-direction: row; list-style: none; padding: 35px; justify-content: var(--n-accordion-title-justify-content); border-radius: 23px 23px 0 0; flex-grow: var(--n-menu-title-flex-grow); gap: var(--n-accordion-icon-gap); color:#ffffff; background-color:#163A6A;align-items: center; cursor: pointer;\" onclick=\"toggleContent();\">\n    <div style=\"font-size: 25px; font-family: 'Arial', sans-serif;font-weight: bold;\">1 - Service<\/div>\n     <!-- Icone fl\u00e8che vers le bas par d\u00e9faut -->\n<\/div>\n\t\t\t\t<\/div>\n\t\t\t\t\t\t\t\t<div class=\"elementor-field-type-select elementor-field-group elementor-column elementor-field-group-service elementor-col-100 elementor-field-required\">\n\t\t\t\t\t\t\t<div class=\"elementor-field elementor-select-wrapper remove-before \">\n\t\t\t<div class=\"select-caret-down-wrapper\">\n\t\t\t\t<svg aria-hidden=\"true\" class=\"e-font-icon-svg e-eicon-caret-down\" viewBox=\"0 0 571.4 571.4\" xmlns=\"http:\/\/www.w3.org\/2000\/svg\"><path d=\"M571 393Q571 407 561 418L311 668Q300 679 286 679T261 668L11 418Q0 407 0 393T11 368 36 357H536Q550 357 561 368T571 393Z\"><\/path><\/svg>\t\t\t<\/div>\n\t\t\t<select name=\"form_fields[service]\" id=\"form-field-service\" class=\"elementor-field-textual elementor-size-sm\" required=\"required\">\n\t\t\t\t\t\t\t\t\t<option value=\"Faire un choix\">Faire un choix<\/option>\n\t\t\t\t\t\t\t\t\t<option value=\"Comptabilit\u00e9  + Juridique \">Comptabilit\u00e9  + Juridique <\/option>\n\t\t\t\t\t\t\t\t\t<option value=\"Comptabilit\u00e9  + Social \">Comptabilit\u00e9  + Social <\/option>\n\t\t\t\t\t\t\t\t\t<option value=\"Comptabilit\u00e9  + Gestion \">Comptabilit\u00e9  + Gestion <\/option>\n\t\t\t\t\t\t\t\t\t<option value=\"Comptabilit\u00e9  + Accompagnement\">Comptabilit\u00e9  + Accompagnement<\/option>\n\t\t\t\t\t\t\t<\/select>\n\t\t<\/div>\n\t\t\t\t\t\t<\/div>\n\t\t\t\t\t\t\t\t<div class=\"elementor-field-type-html elementor-field-group elementor-column elementor-field-group-field_8b4a8bc elementor-col-100\">\n\t\t\t\t\t<div class=\"service\" style=\"display: flex; flex-direction: row; list-style: none; padding: 35px; justify-content: var(--n-accordion-title-justify-content); border-radius: 0 0 23px 23px; flex-grow: var(--n-menu-title-flex-grow); gap: var(--n-accordion-icon-gap); color:#ffffff; background-color:#FFFFFF; align-items: center; cursor: pointer; box-shadow: 0px 10px 15px -5px rgba(0,0,0,0.3); \">\n   <div style=\"font-size: 45px; font-family: 'Arial', sans-serif; font-weight: bold;\"><\/div>\n<\/div>\n\t\t\t\t<\/div>\n\t\t\t\t\t\t\t\t<div class=\"elementor-field-type-html elementor-field-group elementor-column elementor-field-group-email elementor-col-100\">\n\t\t\t\t\t<div style=\"display: flex; flex-direction: row; list-style: none; padding: 35px; justify-content: var(--n-accordion-title-justify-content); border-radius: 23px 23px 0 0; flex-grow: var(--n-menu-title-flex-grow); gap: var(--n-accordion-icon-gap); color:#ffffff; background-color:#163A6A;align-items: center; cursor: pointer;\" onclick=\"toggleContent2();\">\n    <div style=\"font-size: 25px; font-family: 'Arial', sans-serif;font-weight: bold;\">2 - Votre m\u00e9tier<\/div>\n    <!-- Icone fl\u00e8che vers le bas par d\u00e9faut -->\n<\/div>\t\t\t\t<\/div>\n\t\t\t\t\t\t\t\t<div class=\"elementor-field-type-select elementor-field-group elementor-column elementor-field-group-field_metier elementor-col-100 elementor-field-required\">\n\t\t\t\t\t\t\t<div class=\"elementor-field elementor-select-wrapper remove-before \">\n\t\t\t<div class=\"select-caret-down-wrapper\">\n\t\t\t\t<svg aria-hidden=\"true\" class=\"e-font-icon-svg e-eicon-caret-down\" viewBox=\"0 0 571.4 571.4\" xmlns=\"http:\/\/www.w3.org\/2000\/svg\"><path d=\"M571 393Q571 407 561 418L311 668Q300 679 286 679T261 668L11 418Q0 407 0 393T11 368 36 357H536Q550 357 561 368T571 393Z\"><\/path><\/svg>\t\t\t<\/div>\n\t\t\t<select name=\"form_fields[field_metier]\" id=\"form-field-field_metier\" class=\"elementor-field-textual elementor-size-sm\" required=\"required\">\n\t\t\t\t\t\t\t\t\t<option value=\"Faire un choix\">Faire un choix<\/option>\n\t\t\t\t\t\t\t\t\t<option value=\"M\u00e9tiers de la terre \">M\u00e9tiers de la terre <\/option>\n\t\t\t\t\t\t\t\t\t<option value=\"M\u00e9tiers du commerce \">M\u00e9tiers du commerce <\/option>\n\t\t\t\t\t\t\t\t\t<option value=\"M\u00e9tiers de l\u2019artisanat \">M\u00e9tiers de l\u2019artisanat <\/option>\n\t\t\t\t\t\t\t\t\t<option value=\"Professions lib\u00e9rales \">Professions lib\u00e9rales <\/option>\n\t\t\t\t\t\t\t\t\t<option value=\"M\u00e9tiers d\u2019exploitation d\u2019\u00e9nergies renouvelables\">M\u00e9tiers d\u2019exploitation d\u2019\u00e9nergies renouvelables<\/option>\n\t\t\t\t\t\t\t<\/select>\n\t\t<\/div>\n\t\t\t\t\t\t<\/div>\n\t\t\t\t\t\t\t\t<div class=\"elementor-field-type-html elementor-field-group elementor-column elementor-field-group-field_d3f54b5 elementor-col-100\">\n\t\t\t\t\t<div class=\"metier\" style=\"display: flex; flex-direction: row; list-style: none; padding: 35px; justify-content: var(--n-accordion-title-justify-content); border-radius: 0 0 23px 23px; flex-grow: var(--n-menu-title-flex-grow); gap: var(--n-accordion-icon-gap); color:#ffffff; background-color:#FFFFFF; align-items: center; cursor: pointer; box-shadow: 0px 10px 15px -5px rgba(0,0,0,0.3); \">\n   <div style=\"font-size: 45px; font-family: 'Arial', sans-serif; font-weight: bold;\"><\/div>\n<\/div>\t\t\t\t<\/div>\n\t\t\t\t\t\t\t\t<div class=\"elementor-field-type-html elementor-field-group elementor-column elementor-field-group-field_14a1b98 elementor-col-100\">\n\t\t\t\t\t<div style=\"display: flex; flex-direction: row; list-style: none; padding: 35px; justify-content: var(--n-accordion-title-justify-content); border-radius: 23px 23px 0 0; flex-grow: var(--n-menu-title-flex-grow); gap: var(--n-accordion-icon-gap); color:#ffffff; background-color:#163A6A;align-items: center; cursor: pointer;\" onclick=\"toggleContent3();\">\n    <div style=\"font-size: 25px; font-family: 'Arial', sans-serif;font-weight: bold;\">3 - Votre demande<\/div>\n    <!-- Icone fl\u00e8che vers le bas par d\u00e9faut -->\n<\/div>\n\t\t\t\t<\/div>\n\t\t\t\t\t\t\t\t<div class=\"elementor-field-type-textarea elementor-field-group elementor-column elementor-field-group-demande elementor-col-100 elementor-field-required\">\n\t\t\t\t\t<textarea class=\"elementor-field-textual elementor-field  elementor-size-sm\" name=\"form_fields[demande]\" id=\"form-field-demande\" rows=\"4\" placeholder=\"Votre demande\" required=\"required\"><\/textarea>\t\t\t\t<\/div>\n\t\t\t\t\t\t\t\t<div class=\"elementor-field-type-html elementor-field-group elementor-column elementor-field-group-field_308df1e elementor-col-100\">\n\t\t\t\t\t<div class=\"demande\" style=\"display: flex; flex-direction: row; list-style: none; padding: 35px; justify-content: var(--n-accordion-title-justify-content); border-radius: 0 0 23px 23px; flex-grow: var(--n-menu-title-flex-grow); gap: var(--n-accordion-icon-gap); color:#ffffff; background-color:#FFFFFF; align-items: center; cursor: pointer; box-shadow: 0px 10px 15px -5px rgba(0,0,0,0.3); \">\n   <div style=\"font-size: 45px; font-family: 'Arial', sans-serif; font-weight: bold;\"><\/div>\n<\/div>\n\t\t\t\t<\/div>\n\t\t\t\t\t\t\t\t<div class=\"elementor-field-type-html elementor-field-group elementor-column elementor-field-group-field_68c4d81 elementor-col-100\">\n\t\t\t\t\t<div style=\"display: flex; flex-direction: row; list-style: none; padding: 35px; justify-content: var(--n-accordion-title-justify-content); border-radius: 23px 23px 0 0; flex-grow: var(--n-menu-title-flex-grow); gap: var(--n-accordion-icon-gap); color:#ffffff; background-color:#163A6A;align-items: center; cursor: pointer;\" onclick=\"toggleContent4();\">\n    <div style=\"font-size: 25px; font-family: 'Arial', sans-serif;font-weight: bold;\">4 - Vos coordonn\u00e9es<\/div>\n    <!-- Icone fl\u00e8che vers le bas par d\u00e9faut -->\n<\/div>\n\t\t\t\t<\/div>\n\t\t\t\t\t\t\t\t<div class=\"elementor-field-type-text elementor-field-group elementor-column elementor-field-group-field_4daec2b elementor-col-50 elementor-field-required\">\n\t\t\t\t\t\t\t\t\t\t\t\t\t<input size=\"1\" type=\"text\" name=\"form_fields[field_4daec2b]\" id=\"form-field-field_4daec2b\" class=\"elementor-field elementor-size-sm  elementor-field-textual\" placeholder=\"Nom\" required=\"required\">\n\t\t\t\t\t\t\t\t\t\t\t<\/div>\n\t\t\t\t\t\t\t\t<div class=\"elementor-field-type-text elementor-field-group elementor-column elementor-field-group-field_c90f2bd elementor-col-50\">\n\t\t\t\t\t\t\t\t\t\t\t\t\t<input size=\"1\" type=\"text\" name=\"form_fields[field_c90f2bd]\" id=\"form-field-field_c90f2bd\" class=\"elementor-field elementor-size-sm  elementor-field-textual\" placeholder=\"Pr\u00e9nom\">\n\t\t\t\t\t\t\t\t\t\t\t<\/div>\n\t\t\t\t\t\t\t\t<div class=\"elementor-field-type-tel elementor-field-group elementor-column elementor-field-group-field_8804cdf elementor-col-50 elementor-field-required\">\n\t\t\t\t\t\t\t<input size=\"1\" type=\"tel\" name=\"form_fields[field_8804cdf]\" id=\"form-field-field_8804cdf\" class=\"elementor-field elementor-size-sm  elementor-field-textual\" placeholder=\"T\u00e9l\u00e9phone\" required=\"required\" pattern=\"[0-9()#&amp;+*-=.]+\" title=\"Seuls les caract\u00e8res de num\u00e9ros de t\u00e9l\u00e9phone (#, -, *, etc.) sont accept\u00e9s.\">\n\n\t\t\t\t\t\t<\/div>\n\t\t\t\t\t\t\t\t<div class=\"elementor-field-type-email elementor-field-group elementor-column elementor-field-group-field_bc1cc30 elementor-col-50 elementor-field-required\">\n\t\t\t\t\t\t\t\t\t\t\t\t\t<input size=\"1\" type=\"email\" name=\"form_fields[field_bc1cc30]\" id=\"form-field-field_bc1cc30\" class=\"elementor-field elementor-size-sm  elementor-field-textual\" placeholder=\"Mail\" required=\"required\">\n\t\t\t\t\t\t\t\t\t\t\t<\/div>\n\t\t\t\t\t\t\t\t<div class=\"elementor-field-type-text elementor-field-group elementor-column elementor-field-group-field_3b72e27 elementor-col-100 elementor-field-required\">\n\t\t\t\t\t\t\t\t\t\t\t\t\t<input size=\"1\" type=\"text\" name=\"form_fields[field_3b72e27]\" id=\"form-field-field_3b72e27\" class=\"elementor-field elementor-size-sm  elementor-field-textual\" placeholder=\"Nom de l&#039;entreprise \" required=\"required\">\n\t\t\t\t\t\t\t\t\t\t\t<\/div>\n\t\t\t\t\t\t\t\t<div class=\"elementor-field-type-text elementor-field-group elementor-column elementor-field-group-field_8f1e5b1 elementor-col-100 elementor-field-required\">\n\t\t\t\t\t\t\t\t\t\t\t\t\t<input size=\"1\" type=\"text\" name=\"form_fields[field_8f1e5b1]\" id=\"form-field-field_8f1e5b1\" class=\"elementor-field elementor-size-sm  elementor-field-textual\" placeholder=\"D\u00e9partement\" required=\"required\">\n\t\t\t\t\t\t\t\t\t\t\t<\/div>\n\t\t\t\t\t\t\t\t<div class=\"elementor-field-type-text elementor-field-group elementor-column elementor-field-group-field_da5f4d4 elementor-col-100 elementor-field-required\">\n\t\t\t\t\t\t\t\t\t\t\t\t\t<input size=\"1\" type=\"text\" name=\"form_fields[field_da5f4d4]\" id=\"form-field-field_da5f4d4\" class=\"elementor-field elementor-size-sm  elementor-field-textual\" placeholder=\"n\u00b0 Siren\" required=\"required\">\n\t\t\t\t\t\t\t\t\t\t\t<\/div>\n\t\t\t\t\t\t\t\t<div class=\"elementor-field-type-html elementor-field-group elementor-column elementor-field-group-field_95735d9 elementor-col-100\">\n\t\t\t\t\t<div class=\"coordonnees\" style=\"display: flex; flex-direction: row; list-style: none; padding: 35px; justify-content: var(--n-accordion-title-justify-content); border-radius: 0 0 23px 23px; flex-grow: var(--n-menu-title-flex-grow); gap: var(--n-accordion-icon-gap); color:#ffffff; background-color:#FFFFFF; align-items: center; cursor: pointer; box-shadow: 0px 10px 15px -5px rgba(0,0,0,0.3); \">\n   <div style=\"font-size: 45px; font-family: 'Arial', sans-serif; font-weight: bold;\"><\/div>\n<\/div>\n\t\t\t\t<\/div>\n\t\t\t\t\t\t\t\t<div class=\"elementor-field-group elementor-column elementor-field-type-submit elementor-col-30 e-form__buttons\">\n\t\t\t\t\t<button class=\"elementor-button elementor-size-sm\" type=\"submit\" id=\"btn_submit\">\n\t\t\t\t\t\t<span class=\"elementor-button-content-wrapper\">\n\t\t\t\t\t\t\t\t\t\t\t\t\t\t\t\t\t\t\t\t\t\t<span class=\"elementor-button-text\">Envoyer<\/span>\n\t\t\t\t\t\t\t\t\t\t\t\t\t<\/span>\n\t\t\t\t\t<\/button>\n\t\t\t\t<\/div>\n\t\t\t<\/div>\n\t\t<\/form>\n\t\t\t\t\t\t<\/div>\n\t\t\t\t<\/div>\n\t\t\t\t\t<\/div>\n\t\t\t\t<\/div>\n\t\t\t\t<\/div>\n\t\t","protected":false},"excerpt":{"rendered":"<p>Demander un devis\u200b Obtenez d\u00e8s aujourd&rsquo;hui un devis personnalis\u00e9 pour b\u00e9n\u00e9ficier de nos services experts en gestion comptable et d\u00e9velopper le plein potentiel de votre entreprise.<\/p>\n","protected":false},"author":1,"featured_media":0,"parent":0,"menu_order":0,"comment_status":"closed","ping_status":"closed","template":"elementor_header_footer","meta":{"footnotes":""},"class_list":["post-121","page","type-page","status-publish","hentry","entry"],"yoast_head":"<!-- This site is optimized with the Yoast SEO plugin v25.8 - https:\/\/yoast.com\/wordpress\/plugins\/seo\/ -->\n<title>Demander un devis - exasud<\/title>\n<meta name=\"description\" content=\"Obtenez d\u00e8s aujourd\u2019hui un devis personnalis\u00e9 pour b\u00e9n\u00e9ficier de nos services experts en gestion comptable.\" \/>\n<meta name=\"robots\" content=\"index, follow, max-snippet:-1, max-image-preview:large, max-video-preview:-1\" \/>\n<link rel=\"canonical\" href=\"https:\/\/exasud.fr\/index.php\/demander-un-devis\/\" \/>\n<meta property=\"og:locale\" content=\"fr_FR\" \/>\n<meta property=\"og:type\" content=\"article\" \/>\n<meta property=\"og:title\" content=\"Demander un devis - exasud\" \/>\n<meta property=\"og:description\" content=\"Obtenez d\u00e8s aujourd\u2019hui un devis personnalis\u00e9 pour b\u00e9n\u00e9ficier de nos services experts en gestion comptable.\" \/>\n<meta property=\"og:url\" content=\"https:\/\/exasud.fr\/index.php\/demander-un-devis\/\" \/>\n<meta property=\"og:site_name\" content=\"exasud\" \/>\n<meta property=\"article:modified_time\" content=\"2024-04-19T06:46:54+00:00\" \/>\n<meta property=\"og:image\" content=\"https:\/\/exasud.fr\/wp-content\/uploads\/2024\/03\/Devis.png\" \/>\n<meta name=\"twitter:card\" content=\"summary_large_image\" \/>\n<meta name=\"twitter:label1\" content=\"Dur\u00e9e de lecture estim\u00e9e\" \/>\n\t<meta name=\"twitter:data1\" content=\"1 minute\" \/>\n<script type=\"application\/ld+json\" class=\"yoast-schema-graph\">{\"@context\":\"https:\/\/schema.org\",\"@graph\":[{\"@type\":\"WebPage\",\"@id\":\"https:\/\/exasud.fr\/index.php\/demander-un-devis\/\",\"url\":\"https:\/\/exasud.fr\/index.php\/demander-un-devis\/\",\"name\":\"Demander un devis - exasud\",\"isPartOf\":{\"@id\":\"https:\/\/exasud.fr\/#website\"},\"primaryImageOfPage\":{\"@id\":\"https:\/\/exasud.fr\/index.php\/demander-un-devis\/#primaryimage\"},\"image\":{\"@id\":\"https:\/\/exasud.fr\/index.php\/demander-un-devis\/#primaryimage\"},\"thumbnailUrl\":\"https:\/\/exasud.fr\/wp-content\/uploads\/2024\/03\/Devis.png\",\"datePublished\":\"2024-01-15T10:19:38+00:00\",\"dateModified\":\"2024-04-19T06:46:54+00:00\",\"description\":\"Obtenez d\u00e8s aujourd\u2019hui un devis personnalis\u00e9 pour b\u00e9n\u00e9ficier de nos services experts en gestion comptable.\",\"breadcrumb\":{\"@id\":\"https:\/\/exasud.fr\/index.php\/demander-un-devis\/#breadcrumb\"},\"inLanguage\":\"fr-FR\",\"potentialAction\":[{\"@type\":\"ReadAction\",\"target\":[\"https:\/\/exasud.fr\/index.php\/demander-un-devis\/\"]}]},{\"@type\":\"ImageObject\",\"inLanguage\":\"fr-FR\",\"@id\":\"https:\/\/exasud.fr\/index.php\/demander-un-devis\/#primaryimage\",\"url\":\"https:\/\/exasud.fr\/wp-content\/uploads\/2024\/03\/Devis.png\",\"contentUrl\":\"https:\/\/exasud.fr\/wp-content\/uploads\/2024\/03\/Devis.png\",\"width\":2153,\"height\":2087},{\"@type\":\"BreadcrumbList\",\"@id\":\"https:\/\/exasud.fr\/index.php\/demander-un-devis\/#breadcrumb\",\"itemListElement\":[{\"@type\":\"ListItem\",\"position\":1,\"name\":\"Accueil\",\"item\":\"https:\/\/exasud.fr\/\"},{\"@type\":\"ListItem\",\"position\":2,\"name\":\"Demander un devis\"}]},{\"@type\":\"WebSite\",\"@id\":\"https:\/\/exasud.fr\/#website\",\"url\":\"https:\/\/exasud.fr\/\",\"name\":\"exasud\",\"description\":\"\",\"publisher\":{\"@id\":\"https:\/\/exasud.fr\/#organization\"},\"potentialAction\":[{\"@type\":\"SearchAction\",\"target\":{\"@type\":\"EntryPoint\",\"urlTemplate\":\"https:\/\/exasud.fr\/?s={search_term_string}\"},\"query-input\":{\"@type\":\"PropertyValueSpecification\",\"valueRequired\":true,\"valueName\":\"search_term_string\"}}],\"inLanguage\":\"fr-FR\"},{\"@type\":\"Organization\",\"@id\":\"https:\/\/exasud.fr\/#organization\",\"name\":\"exasud\",\"url\":\"https:\/\/exasud.fr\/\",\"logo\":{\"@type\":\"ImageObject\",\"inLanguage\":\"fr-FR\",\"@id\":\"https:\/\/exasud.fr\/#\/schema\/logo\/image\/\",\"url\":\"https:\/\/exasud.fr\/wp-content\/uploads\/2024\/01\/Exasud_Baseline_RVB.png\",\"contentUrl\":\"https:\/\/exasud.fr\/wp-content\/uploads\/2024\/01\/Exasud_Baseline_RVB.png\",\"width\":2329,\"height\":1273,\"caption\":\"exasud\"},\"image\":{\"@id\":\"https:\/\/exasud.fr\/#\/schema\/logo\/image\/\"}}]}<\/script>\n<!-- \/ Yoast SEO plugin. -->","yoast_head_json":{"title":"Demander un devis - exasud","description":"Obtenez d\u00e8s aujourd\u2019hui un devis personnalis\u00e9 pour b\u00e9n\u00e9ficier de nos services experts en gestion comptable.","robots":{"index":"index","follow":"follow","max-snippet":"max-snippet:-1","max-image-preview":"max-image-preview:large","max-video-preview":"max-video-preview:-1"},"canonical":"https:\/\/exasud.fr\/index.php\/demander-un-devis\/","og_locale":"fr_FR","og_type":"article","og_title":"Demander un devis - exasud","og_description":"Obtenez d\u00e8s aujourd\u2019hui un devis personnalis\u00e9 pour b\u00e9n\u00e9ficier de nos services experts en gestion comptable.","og_url":"https:\/\/exasud.fr\/index.php\/demander-un-devis\/","og_site_name":"exasud","article_modified_time":"2024-04-19T06:46:54+00:00","og_image":[{"url":"https:\/\/exasud.fr\/wp-content\/uploads\/2024\/03\/Devis.png","type":"","width":"","height":""}],"twitter_card":"summary_large_image","twitter_misc":{"Dur\u00e9e de lecture estim\u00e9e":"1 minute"},"schema":{"@context":"https:\/\/schema.org","@graph":[{"@type":"WebPage","@id":"https:\/\/exasud.fr\/index.php\/demander-un-devis\/","url":"https:\/\/exasud.fr\/index.php\/demander-un-devis\/","name":"Demander un devis - exasud","isPartOf":{"@id":"https:\/\/exasud.fr\/#website"},"primaryImageOfPage":{"@id":"https:\/\/exasud.fr\/index.php\/demander-un-devis\/#primaryimage"},"image":{"@id":"https:\/\/exasud.fr\/index.php\/demander-un-devis\/#primaryimage"},"thumbnailUrl":"https:\/\/exasud.fr\/wp-content\/uploads\/2024\/03\/Devis.png","datePublished":"2024-01-15T10:19:38+00:00","dateModified":"2024-04-19T06:46:54+00:00","description":"Obtenez d\u00e8s aujourd\u2019hui un devis personnalis\u00e9 pour b\u00e9n\u00e9ficier de nos services experts en gestion comptable.","breadcrumb":{"@id":"https:\/\/exasud.fr\/index.php\/demander-un-devis\/#breadcrumb"},"inLanguage":"fr-FR","potentialAction":[{"@type":"ReadAction","target":["https:\/\/exasud.fr\/index.php\/demander-un-devis\/"]}]},{"@type":"ImageObject","inLanguage":"fr-FR","@id":"https:\/\/exasud.fr\/index.php\/demander-un-devis\/#primaryimage","url":"https:\/\/exasud.fr\/wp-content\/uploads\/2024\/03\/Devis.png","contentUrl":"https:\/\/exasud.fr\/wp-content\/uploads\/2024\/03\/Devis.png","width":2153,"height":2087},{"@type":"BreadcrumbList","@id":"https:\/\/exasud.fr\/index.php\/demander-un-devis\/#breadcrumb","itemListElement":[{"@type":"ListItem","position":1,"name":"Accueil","item":"https:\/\/exasud.fr\/"},{"@type":"ListItem","position":2,"name":"Demander un devis"}]},{"@type":"WebSite","@id":"https:\/\/exasud.fr\/#website","url":"https:\/\/exasud.fr\/","name":"exasud","description":"","publisher":{"@id":"https:\/\/exasud.fr\/#organization"},"potentialAction":[{"@type":"SearchAction","target":{"@type":"EntryPoint","urlTemplate":"https:\/\/exasud.fr\/?s={search_term_string}"},"query-input":{"@type":"PropertyValueSpecification","valueRequired":true,"valueName":"search_term_string"}}],"inLanguage":"fr-FR"},{"@type":"Organization","@id":"https:\/\/exasud.fr\/#organization","name":"exasud","url":"https:\/\/exasud.fr\/","logo":{"@type":"ImageObject","inLanguage":"fr-FR","@id":"https:\/\/exasud.fr\/#\/schema\/logo\/image\/","url":"https:\/\/exasud.fr\/wp-content\/uploads\/2024\/01\/Exasud_Baseline_RVB.png","contentUrl":"https:\/\/exasud.fr\/wp-content\/uploads\/2024\/01\/Exasud_Baseline_RVB.png","width":2329,"height":1273,"caption":"exasud"},"image":{"@id":"https:\/\/exasud.fr\/#\/schema\/logo\/image\/"}}]}},"_links":{"self":[{"href":"https:\/\/exasud.fr\/index.php\/wp-json\/wp\/v2\/pages\/121","targetHints":{"allow":["GET"]}}],"collection":[{"href":"https:\/\/exasud.fr\/index.php\/wp-json\/wp\/v2\/pages"}],"about":[{"href":"https:\/\/exasud.fr\/index.php\/wp-json\/wp\/v2\/types\/page"}],"author":[{"embeddable":true,"href":"https:\/\/exasud.fr\/index.php\/wp-json\/wp\/v2\/users\/1"}],"replies":[{"embeddable":true,"href":"https:\/\/exasud.fr\/index.php\/wp-json\/wp\/v2\/comments?post=121"}],"version-history":[{"count":547,"href":"https:\/\/exasud.fr\/index.php\/wp-json\/wp\/v2\/pages\/121\/revisions"}],"predecessor-version":[{"id":4154,"href":"https:\/\/exasud.fr\/index.php\/wp-json\/wp\/v2\/pages\/121\/revisions\/4154"}],"wp:attachment":[{"href":"https:\/\/exasud.fr\/index.php\/wp-json\/wp\/v2\/media?parent=121"}],"curies":[{"name":"wp","href":"https:\/\/api.w.org\/{rel}","templated":true}]}}