{"id":3974,"date":"2024-03-20T08:25:32","date_gmt":"2024-03-20T08:25:32","guid":{"rendered":"https:\/\/exasud.fr\/?page_id=3974"},"modified":"2024-03-20T08:30:48","modified_gmt":"2024-03-20T08:30:48","slug":"mentions-legales","status":"publish","type":"page","link":"https:\/\/exasud.fr\/index.php\/mentions-legales\/","title":{"rendered":"Mentions L\u00e9gales"},"content":{"rendered":"\t\t<div data-elementor-type=\"wp-page\" data-elementor-id=\"3974\" class=\"elementor elementor-3974\" data-elementor-post-type=\"page\">\n\t\t\t\t\t\t<section class=\"elementor-section elementor-top-section elementor-element elementor-element-51ff57ff elementor-section-content-middle elementor-section-boxed elementor-section-height-default elementor-section-height-default\" data-id=\"51ff57ff\" data-element_type=\"section\">\n\t\t\t\t\t\t<div class=\"elementor-container elementor-column-gap-default\">\n\t\t\t\t\t<div class=\"elementor-column elementor-col-100 elementor-top-column elementor-element elementor-element-2d58a4b\" data-id=\"2d58a4b\" data-element_type=\"column\">\n\t\t\t<div class=\"elementor-widget-wrap elementor-element-populated\">\n\t\t\t\t\t\t<div class=\"elementor-element elementor-element-cb12fe4 elementor-widget__width-initial elementor-widget elementor-widget-text-editor\" data-id=\"cb12fe4\" data-element_type=\"widget\" data-widget_type=\"text-editor.default\">\n\t\t\t\t<div class=\"elementor-widget-container\">\n\t\t\t\t\t\t\t\t\t<p><strong>Raison sociale\u00a0<\/strong>: Association de Gestion et de Comptabilit\u00e9 EXASUD<br \/><strong>Si\u00e8ge social<\/strong>\u00a0:\u00a056 AVENUE DES PYRENEES \u2013 32\u00a0000 AUCH<br \/><strong>Forme juridique<\/strong>\u00a0: Association d\u00e9clar\u00e9e<br \/><strong>N\u00b0 SIREN<\/strong>\u00a0:\u00a0343\u00a0810 602<br \/><strong>Pr\u00e9sident<\/strong>\u00a0: M.\u00a0Herv\u00e9 OULE<\/p><p>\u200b<\/p><p>Conform\u00e9ment \u00e0 la loi n\u00b02004-575 du 21 juin 2004 pour la confiance dans l\u2019\u00e9conomie num\u00e9rique, nous vous informons que le site internet\u00a0<a href=\"http:\/\/www.exasud.fr\">www.exasud.fr<\/a>\u00a0est la propri\u00e9t\u00e9 de l\u2019AGC EXASUD.<\/p><p>\u200b<\/p><p>Le site internet\u00a0<a href=\"http:\/\/www.exasud.fr\">www.exasud.fr<\/a>\u00a0\u00a0est h\u00e9berg\u00e9 sur les mat\u00e9riels informatiques de la soci\u00e9t\u00e9\u00a0IONOS.<\/p><p>\u200b<\/p><p>Le site\u00a0<a href=\"http:\/\/www.agri-sud.fr\/\">www.exasud.fr\u00a0 <\/a>\u00a0est r\u00e9gi par le droit fran\u00e7ais ; les visiteurs ayant acc\u00e8s au site de l\u2019\u00e9tranger, doivent s&rsquo;assurer du respect des lois localement applicables.<\/p><p>\u200b<\/p><p>Les mentions l\u00e9gales pouvant \u00eatre modifi\u00e9es \u00e0 tout moment et sans pr\u00e9avis, nous vous engageons \u00e0 les consulter r\u00e9guli\u00e8rement.<\/p><p>\u00a0<\/p><p><strong>PROPRIETE INTELLECTUELLE<\/strong><\/p><p>L\u2019Association de Gestion et de Comptabilit\u00e9 EXASUD d\u00e9tient, se r\u00e9serve et conserve tous les droits de propri\u00e9t\u00e9, notamment intellectuelle, y compris les droits de reproduction sur le pr\u00e9sent site et les \u00e9l\u00e9ments qu\u2019il contient. En cons\u00e9quence et notamment toute reproduction partielle ou totale du pr\u00e9sent site et des \u00e9l\u00e9ments qu\u2019il contient est strictement interdite sans autorisation \u00e9crite de L\u2019association de Gestion et de Comptabilit\u00e9 EXASUD.<\/p><p>Les logos et tous autres signes distinctifs contenus sur ce site sont la propri\u00e9t\u00e9 de l\u2019association de Gestion et de Comptabilit\u00e9 EXASUD ou font l&rsquo;objet d&rsquo;une autorisation d&rsquo;utilisation. Aucun droit ou licence ne saurait \u00eatre attribu\u00e9 sur l&rsquo;un quelconque de ces \u00e9l\u00e9ments sans l&rsquo;autorisation \u00e9crite de\u00a0l\u2019Association de Gestion et de Comptabilit\u00e9 EXASUD ou du tiers d\u00e9tenteur des droits.<\/p><p>\u00a0<\/p><p><strong>EXCLUSION DE GARANTIE ET DE RESPONSABILIT\u00c9<\/strong><\/p><p>L&rsquo;utilisateur du site web\u00a0<a href=\"http:\/\/www.exasud.fr\">www.exasud.fr<\/a>\u00a0\u00a0reconna\u00eet avoir pris connaissance des pr\u00e9sentes conditions d&rsquo;utilisation du site et s&rsquo;engage \u00e0 les respecter.<\/p><p>L\u2019Association de Gestion et de Comptabilit\u00e9 EXASUD ne saurait \u00eatre tenue pour responsable des dommages directs ou indirects qui pourraient r\u00e9sulter de l&rsquo;acc\u00e8s au site ou de l&rsquo;utilisation du site et\/ou de ces informations, y compris l&rsquo;inaccessibilit\u00e9, les pertes de donn\u00e9es, d\u00e9t\u00e9riorations, destructions ou virus qui pourraient affecter l&rsquo;\u00e9quipement informatique de l&rsquo;utilisateur et\/ou de la pr\u00e9sence de virus sur son site.<\/p><p>Bien que l\u2019Association de Gestion et de Comptabilit\u00e9 EXASUD s&rsquo;efforce de fournir un contenu fiable sur son site, il ne garantit pas que son contenu soit exempt d&rsquo;inexactitudes ou d&rsquo;omissions et ne saurait \u00eatre tenu pour responsable des erreurs ou omissions, d&rsquo;une absence de disponibilit\u00e9 des informations et des services. L\u2019Association de Gestion et de Comptabilit\u00e9 EXASUD se r\u00e9serve \u00e0 tout moment et sans pr\u00e9avis le droit d&rsquo;apporter des am\u00e9liorations et\/ou des modifications au contenu de son site. En cons\u00e9quence, l&rsquo;utilisateur reconna\u00eet se servir de ses informations sous sa responsabilit\u00e9 exclusive.<\/p><p>\u00a0<\/p><p><strong>LIENS VERS D&rsquo;AUTRES SITES<\/strong><\/p><p>Le site peut inclure des liens vers d&rsquo;autres sites ou d&rsquo;autres sources Internet. Dans la mesure o\u00f9 l\u2019Association de Gestion et de Comptabilit\u00e9 EXASUD ne peut contr\u00f4ler ces sites et ces sources externes, l\u2019AGC ne peut \u00eatre tenu pour responsable de la mise \u00e0 disposition de ces sites et sources externes, et d\u00e9cline ainsi toute responsabilit\u00e9 quant aux contenus, publicit\u00e9s, produits, services ou tout autre mat\u00e9riel disponible sur ou \u00e0 partir de ces sites ou sources externes. Ces liens sont propos\u00e9s aux utilisateurs du site\u00a0<a href=\"http:\/\/www.exasud.fr\">www.exasud.fr<\/a>\u00a0\u00a0en tant que service. La d\u00e9cision d&rsquo;activer les liens vous appartient exclusivement. Nous vous rappelons que les sites non-affili\u00e9s sont soumis \u00e0 leurs propres conditions d&rsquo;utilisation.<\/p><p>\u00a0<\/p><p><strong>POLITIQUE DE COOKIES<\/strong><\/p><p>Le site agri-sud.fr a \u00e9ventuellement recours aux techniques de \u00ab\u00a0cookies\u00a0\u00bb lui permettant de traiter des statistiques et informations sur le trafic, de faciliter la navigation et d&rsquo;am\u00e9liorer le service et le confort de l&rsquo;utilisateur.<\/p><p>Conform\u00e9ment \u00e0 la l\u00e9gislation europ\u00e9enne, le site agri-sud.fr a mis \u00e0 jour sa politique de confidentialit\u00e9 en mati\u00e8re de cookies. L&rsquo;utilisateur est libre d&rsquo;accepter ou de refuser les cookies de tous les sites internent en modifiant les param\u00e8tres de son navigateur internet.<\/p><p>\u00a0<\/p>\t\t\t\t\t\t\t\t<\/div>\n\t\t\t\t<\/div>\n\t\t\t\t\t<\/div>\n\t\t<\/div>\n\t\t\t\t\t<\/div>\n\t\t<\/section>\n\t\t\t\t<\/div>\n\t\t","protected":false},"excerpt":{"rendered":"<p>Raison sociale\u00a0: Association de Gestion et de Comptabilit\u00e9 EXASUDSi\u00e8ge social\u00a0:\u00a056 AVENUE DES PYRENEES \u2013 32\u00a0000 AUCHForme juridique\u00a0: Association d\u00e9clar\u00e9eN\u00b0 SIREN\u00a0:\u00a0343\u00a0810 602Pr\u00e9sident\u00a0: M.\u00a0Herv\u00e9 OULE \u200b Conform\u00e9ment \u00e0 la loi n\u00b02004-575 du 21 juin 2004 pour la confiance dans l\u2019\u00e9conomie num\u00e9rique, nous vous informons que le site internet\u00a0www.exasud.fr\u00a0est la propri\u00e9t\u00e9 de l\u2019AGC EXASUD. \u200b Le site internet\u00a0www.exasud.fr\u00a0\u00a0est [&hellip;]<\/p>\n","protected":false},"author":1,"featured_media":0,"parent":0,"menu_order":0,"comment_status":"closed","ping_status":"closed","template":"elementor_header_footer","meta":{"footnotes":""},"class_list":["post-3974","page","type-page","status-publish","hentry","entry"],"yoast_head":"<!-- This site is optimized with the Yoast SEO plugin v25.8 - https:\/\/yoast.com\/wordpress\/plugins\/seo\/ -->\n<title>Mentions L\u00e9gales - exasud<\/title>\n<meta name=\"robots\" content=\"index, follow, max-snippet:-1, max-image-preview:large, max-video-preview:-1\" \/>\n<link rel=\"canonical\" href=\"https:\/\/exasud.fr\/index.php\/mentions-legales\/\" \/>\n<meta property=\"og:locale\" content=\"fr_FR\" \/>\n<meta property=\"og:type\" content=\"article\" \/>\n<meta property=\"og:title\" content=\"Mentions L\u00e9gales - exasud\" \/>\n<meta property=\"og:description\" content=\"Raison sociale\u00a0: Association de Gestion et de Comptabilit\u00e9 EXASUDSi\u00e8ge social\u00a0:\u00a056 AVENUE DES PYRENEES \u2013 32\u00a0000 AUCHForme juridique\u00a0: Association d\u00e9clar\u00e9eN\u00b0 SIREN\u00a0:\u00a0343\u00a0810 602Pr\u00e9sident\u00a0: M.\u00a0Herv\u00e9 OULE \u200b Conform\u00e9ment \u00e0 la loi n\u00b02004-575 du 21 juin 2004 pour la confiance dans l\u2019\u00e9conomie num\u00e9rique, nous vous informons que le site internet\u00a0www.exasud.fr\u00a0est la propri\u00e9t\u00e9 de l\u2019AGC EXASUD. \u200b Le site internet\u00a0www.exasud.fr\u00a0\u00a0est [&hellip;]\" \/>\n<meta property=\"og:url\" content=\"https:\/\/exasud.fr\/index.php\/mentions-legales\/\" \/>\n<meta property=\"og:site_name\" content=\"exasud\" \/>\n<meta property=\"article:modified_time\" content=\"2024-03-20T08:30:48+00:00\" \/>\n<meta name=\"twitter:card\" content=\"summary_large_image\" \/>\n<meta name=\"twitter:label1\" content=\"Dur\u00e9e de lecture estim\u00e9e\" \/>\n\t<meta name=\"twitter:data1\" content=\"4 minutes\" \/>\n<script type=\"application\/ld+json\" class=\"yoast-schema-graph\">{\"@context\":\"https:\/\/schema.org\",\"@graph\":[{\"@type\":\"WebPage\",\"@id\":\"https:\/\/exasud.fr\/index.php\/mentions-legales\/\",\"url\":\"https:\/\/exasud.fr\/index.php\/mentions-legales\/\",\"name\":\"Mentions L\u00e9gales - exasud\",\"isPartOf\":{\"@id\":\"https:\/\/exasud.fr\/#website\"},\"datePublished\":\"2024-03-20T08:25:32+00:00\",\"dateModified\":\"2024-03-20T08:30:48+00:00\",\"breadcrumb\":{\"@id\":\"https:\/\/exasud.fr\/index.php\/mentions-legales\/#breadcrumb\"},\"inLanguage\":\"fr-FR\",\"potentialAction\":[{\"@type\":\"ReadAction\",\"target\":[\"https:\/\/exasud.fr\/index.php\/mentions-legales\/\"]}]},{\"@type\":\"BreadcrumbList\",\"@id\":\"https:\/\/exasud.fr\/index.php\/mentions-legales\/#breadcrumb\",\"itemListElement\":[{\"@type\":\"ListItem\",\"position\":1,\"name\":\"Accueil\",\"item\":\"https:\/\/exasud.fr\/\"},{\"@type\":\"ListItem\",\"position\":2,\"name\":\"Mentions L\u00e9gales\"}]},{\"@type\":\"WebSite\",\"@id\":\"https:\/\/exasud.fr\/#website\",\"url\":\"https:\/\/exasud.fr\/\",\"name\":\"exasud\",\"description\":\"\",\"publisher\":{\"@id\":\"https:\/\/exasud.fr\/#organization\"},\"potentialAction\":[{\"@type\":\"SearchAction\",\"target\":{\"@type\":\"EntryPoint\",\"urlTemplate\":\"https:\/\/exasud.fr\/?s={search_term_string}\"},\"query-input\":{\"@type\":\"PropertyValueSpecification\",\"valueRequired\":true,\"valueName\":\"search_term_string\"}}],\"inLanguage\":\"fr-FR\"},{\"@type\":\"Organization\",\"@id\":\"https:\/\/exasud.fr\/#organization\",\"name\":\"exasud\",\"url\":\"https:\/\/exasud.fr\/\",\"logo\":{\"@type\":\"ImageObject\",\"inLanguage\":\"fr-FR\",\"@id\":\"https:\/\/exasud.fr\/#\/schema\/logo\/image\/\",\"url\":\"https:\/\/exasud.fr\/wp-content\/uploads\/2024\/01\/Exasud_Baseline_RVB.png\",\"contentUrl\":\"https:\/\/exasud.fr\/wp-content\/uploads\/2024\/01\/Exasud_Baseline_RVB.png\",\"width\":2329,\"height\":1273,\"caption\":\"exasud\"},\"image\":{\"@id\":\"https:\/\/exasud.fr\/#\/schema\/logo\/image\/\"}}]}<\/script>\n<!-- \/ Yoast SEO plugin. -->","yoast_head_json":{"title":"Mentions L\u00e9gales - exasud","robots":{"index":"index","follow":"follow","max-snippet":"max-snippet:-1","max-image-preview":"max-image-preview:large","max-video-preview":"max-video-preview:-1"},"canonical":"https:\/\/exasud.fr\/index.php\/mentions-legales\/","og_locale":"fr_FR","og_type":"article","og_title":"Mentions L\u00e9gales - exasud","og_description":"Raison sociale\u00a0: Association de Gestion et de Comptabilit\u00e9 EXASUDSi\u00e8ge social\u00a0:\u00a056 AVENUE DES PYRENEES \u2013 32\u00a0000 AUCHForme juridique\u00a0: Association d\u00e9clar\u00e9eN\u00b0 SIREN\u00a0:\u00a0343\u00a0810 602Pr\u00e9sident\u00a0: M.\u00a0Herv\u00e9 OULE \u200b Conform\u00e9ment \u00e0 la loi n\u00b02004-575 du 21 juin 2004 pour la confiance dans l\u2019\u00e9conomie num\u00e9rique, nous vous informons que le site internet\u00a0www.exasud.fr\u00a0est la propri\u00e9t\u00e9 de l\u2019AGC EXASUD. \u200b Le site internet\u00a0www.exasud.fr\u00a0\u00a0est [&hellip;]","og_url":"https:\/\/exasud.fr\/index.php\/mentions-legales\/","og_site_name":"exasud","article_modified_time":"2024-03-20T08:30:48+00:00","twitter_card":"summary_large_image","twitter_misc":{"Dur\u00e9e de lecture estim\u00e9e":"4 minutes"},"schema":{"@context":"https:\/\/schema.org","@graph":[{"@type":"WebPage","@id":"https:\/\/exasud.fr\/index.php\/mentions-legales\/","url":"https:\/\/exasud.fr\/index.php\/mentions-legales\/","name":"Mentions L\u00e9gales - exasud","isPartOf":{"@id":"https:\/\/exasud.fr\/#website"},"datePublished":"2024-03-20T08:25:32+00:00","dateModified":"2024-03-20T08:30:48+00:00","breadcrumb":{"@id":"https:\/\/exasud.fr\/index.php\/mentions-legales\/#breadcrumb"},"inLanguage":"fr-FR","potentialAction":[{"@type":"ReadAction","target":["https:\/\/exasud.fr\/index.php\/mentions-legales\/"]}]},{"@type":"BreadcrumbList","@id":"https:\/\/exasud.fr\/index.php\/mentions-legales\/#breadcrumb","itemListElement":[{"@type":"ListItem","position":1,"name":"Accueil","item":"https:\/\/exasud.fr\/"},{"@type":"ListItem","position":2,"name":"Mentions L\u00e9gales"}]},{"@type":"WebSite","@id":"https:\/\/exasud.fr\/#website","url":"https:\/\/exasud.fr\/","name":"exasud","description":"","publisher":{"@id":"https:\/\/exasud.fr\/#organization"},"potentialAction":[{"@type":"SearchAction","target":{"@type":"EntryPoint","urlTemplate":"https:\/\/exasud.fr\/?s={search_term_string}"},"query-input":{"@type":"PropertyValueSpecification","valueRequired":true,"valueName":"search_term_string"}}],"inLanguage":"fr-FR"},{"@type":"Organization","@id":"https:\/\/exasud.fr\/#organization","name":"exasud","url":"https:\/\/exasud.fr\/","logo":{"@type":"ImageObject","inLanguage":"fr-FR","@id":"https:\/\/exasud.fr\/#\/schema\/logo\/image\/","url":"https:\/\/exasud.fr\/wp-content\/uploads\/2024\/01\/Exasud_Baseline_RVB.png","contentUrl":"https:\/\/exasud.fr\/wp-content\/uploads\/2024\/01\/Exasud_Baseline_RVB.png","width":2329,"height":1273,"caption":"exasud"},"image":{"@id":"https:\/\/exasud.fr\/#\/schema\/logo\/image\/"}}]}},"_links":{"self":[{"href":"https:\/\/exasud.fr\/index.php\/wp-json\/wp\/v2\/pages\/3974","targetHints":{"allow":["GET"]}}],"collection":[{"href":"https:\/\/exasud.fr\/index.php\/wp-json\/wp\/v2\/pages"}],"about":[{"href":"https:\/\/exasud.fr\/index.php\/wp-json\/wp\/v2\/types\/page"}],"author":[{"embeddable":true,"href":"https:\/\/exasud.fr\/index.php\/wp-json\/wp\/v2\/users\/1"}],"replies":[{"embeddable":true,"href":"https:\/\/exasud.fr\/index.php\/wp-json\/wp\/v2\/comments?post=3974"}],"version-history":[{"count":4,"href":"https:\/\/exasud.fr\/index.php\/wp-json\/wp\/v2\/pages\/3974\/revisions"}],"predecessor-version":[{"id":3979,"href":"https:\/\/exasud.fr\/index.php\/wp-json\/wp\/v2\/pages\/3974\/revisions\/3979"}],"wp:attachment":[{"href":"https:\/\/exasud.fr\/index.php\/wp-json\/wp\/v2\/media?parent=3974"}],"curies":[{"name":"wp","href":"https:\/\/api.w.org\/{rel}","templated":true}]}}