{"id":802,"date":"2024-01-18T14:38:51","date_gmt":"2024-01-18T14:38:51","guid":{"rendered":"https:\/\/exasud.fr\/?page_id=802"},"modified":"2025-07-17T12:38:53","modified_gmt":"2025-07-17T12:38:53","slug":"auch","status":"publish","type":"page","link":"https:\/\/exasud.fr\/index.php\/auch\/","title":{"rendered":"AUCH"},"content":{"rendered":"\t\t<div data-elementor-type=\"wp-page\" data-elementor-id=\"802\" class=\"elementor elementor-802\" data-elementor-post-type=\"page\">\n\t\t\t\t\t\t<section class=\"elementor-section elementor-top-section elementor-element elementor-element-91ec096 elementor-section-content-middle elementor-reverse-tablet elementor-reverse-mobile elementor-section-boxed elementor-section-height-default elementor-section-height-default\" data-id=\"91ec096\" data-element_type=\"section\" data-settings=\"{&quot;background_background&quot;:&quot;classic&quot;}\">\n\t\t\t\t\t\t\t<div class=\"elementor-background-overlay\"><\/div>\n\t\t\t\t\t\t\t<div class=\"elementor-container elementor-column-gap-default\">\n\t\t\t\t\t<div class=\"elementor-column elementor-col-50 elementor-top-column elementor-element elementor-element-5ddfcf45 elementor-invisible\" data-id=\"5ddfcf45\" data-element_type=\"column\" data-settings=\"{&quot;animation&quot;:&quot;fadeInLeft&quot;}\">\n\t\t\t<div class=\"elementor-widget-wrap elementor-element-populated\">\n\t\t\t\t\t\t<div class=\"elementor-element elementor-element-6f8c560 elementor-widget elementor-widget-heading\" data-id=\"6f8c560\" data-element_type=\"widget\" data-widget_type=\"heading.default\">\n\t\t\t\t<div class=\"elementor-widget-container\">\n\t\t\t\t\t<h1 class=\"elementor-heading-title elementor-size-default\">AUCH<\/h1>\t\t\t\t<\/div>\n\t\t\t\t<\/div>\n\t\t\t\t\t<\/div>\n\t\t<\/div>\n\t\t\t\t<div class=\"elementor-column elementor-col-50 elementor-top-column elementor-element elementor-element-27d5649c elementor-invisible\" data-id=\"27d5649c\" data-element_type=\"column\" data-settings=\"{&quot;animation&quot;:&quot;fadeInRight&quot;}\">\n\t\t\t<div class=\"elementor-widget-wrap elementor-element-populated\">\n\t\t\t\t\t\t<div class=\"elementor-element elementor-element-9e24029 elementor-widget elementor-widget-image\" data-id=\"9e24029\" data-element_type=\"widget\" data-widget_type=\"image.default\">\n\t\t\t\t<div class=\"elementor-widget-container\">\n\t\t\t\t\t\t\t\t\t\t\t\t\t\t\t<img fetchpriority=\"high\" decoding=\"async\" width=\"2818\" height=\"1490\" src=\"https:\/\/exasud.fr\/wp-content\/uploads\/2024\/01\/iStock-1015085274-1.png\" class=\"attachment-full size-full wp-image-151\" alt=\"\" srcset=\"https:\/\/exasud.fr\/wp-content\/uploads\/2024\/01\/iStock-1015085274-1.png 2818w, https:\/\/exasud.fr\/wp-content\/uploads\/2024\/01\/iStock-1015085274-1-300x159.png 300w, https:\/\/exasud.fr\/wp-content\/uploads\/2024\/01\/iStock-1015085274-1-1024x541.png 1024w, https:\/\/exasud.fr\/wp-content\/uploads\/2024\/01\/iStock-1015085274-1-768x406.png 768w, https:\/\/exasud.fr\/wp-content\/uploads\/2024\/01\/iStock-1015085274-1-1536x812.png 1536w, https:\/\/exasud.fr\/wp-content\/uploads\/2024\/01\/iStock-1015085274-1-2048x1083.png 2048w\" sizes=\"(max-width: 2818px) 100vw, 2818px\" \/>\t\t\t\t\t\t\t\t\t\t\t\t\t\t\t<\/div>\n\t\t\t\t<\/div>\n\t\t\t\t\t<\/div>\n\t\t<\/div>\n\t\t\t\t\t<\/div>\n\t\t<\/section>\n\t\t\t\t<section class=\"elementor-section elementor-top-section elementor-element elementor-element-7441f894 elementor-section-content-middle elementor-section-boxed elementor-section-height-default elementor-section-height-default\" data-id=\"7441f894\" data-element_type=\"section\">\n\t\t\t\t\t\t<div class=\"elementor-container elementor-column-gap-default\">\n\t\t\t\t\t<div class=\"elementor-column elementor-col-100 elementor-top-column elementor-element elementor-element-49f82da4\" data-id=\"49f82da4\" data-element_type=\"column\">\n\t\t\t<div class=\"elementor-widget-wrap elementor-element-populated\">\n\t\t\t\t\t\t<div class=\"elementor-element elementor-element-60f925d elementor-widget elementor-widget-heading\" data-id=\"60f925d\" data-element_type=\"widget\" data-widget_type=\"heading.default\">\n\t\t\t\t<div class=\"elementor-widget-container\">\n\t\t\t\t\t<h2 class=\"elementor-heading-title elementor-size-default\">Avec Exasud, vous avez le choix entre 4 agences situ\u00e9es en r\u00e9gion \nOccitanie.  L\u2019agence d\u2019Auch est \u00e9galement le si\u00e8ge social d\u2019Exasud.<\/h2>\t\t\t\t<\/div>\n\t\t\t\t<\/div>\n\t\t\t\t<div class=\"elementor-element elementor-element-2b32a81 elementor-widget__width-initial elementor-widget elementor-widget-text-editor\" data-id=\"2b32a81\" data-element_type=\"widget\" data-widget_type=\"text-editor.default\">\n\t\t\t\t<div class=\"elementor-widget-container\">\n\t\t\t\t\t\t\t\t\t<p>Les experts Exasud de l\u2019agence d\u2019Auch accompagnent les m\u00e9tiers des secteurs agricoles, les m\u00e9tiers TP\/BTP, professions lib\u00e9rales, commer\u00e7ants, artisans ou dans l\u2019exploitation des \u00e9nergies renouvelables. Notre \u00e9quipe vous assiste dans l&rsquo;am\u00e9lioration des performances de votre entreprise et de vos initiatives.&nbsp;<\/p><p>Venez rencontrer nos experts dont les services sont : comptabilit\u00e9, gestion, juridique, droit social et accompagnement de notre antenne situ\u00e9e \u00e0 Auch.&nbsp;<br><\/p>\t\t\t\t\t\t\t\t<\/div>\n\t\t\t\t<\/div>\n\t\t\t\t\t<\/div>\n\t\t<\/div>\n\t\t\t\t\t<\/div>\n\t\t<\/section>\n\t\t<div class=\"elementor-element elementor-element-f7d4066 e-flex e-con-boxed e-con e-parent\" data-id=\"f7d4066\" data-element_type=\"container\">\n\t\t\t\t\t<div class=\"e-con-inner\">\n\t\t<div class=\"elementor-element elementor-element-16e58a1 e-con-full e-flex e-con e-child\" data-id=\"16e58a1\" data-element_type=\"container\">\n\t\t<div class=\"elementor-element elementor-element-d0e1b8a e-flex e-con-boxed e-con e-child\" data-id=\"d0e1b8a\" data-element_type=\"container\">\n\t\t\t\t\t<div class=\"e-con-inner\">\n\t\t\t\t<div class=\"elementor-element elementor-element-9e1dcd8 elementor-widget__width-initial elementor-view-default elementor-widget elementor-widget-icon\" data-id=\"9e1dcd8\" data-element_type=\"widget\" data-widget_type=\"icon.default\">\n\t\t\t\t<div class=\"elementor-widget-container\">\n\t\t\t\t\t\t\t<div class=\"elementor-icon-wrapper\">\n\t\t\t<div class=\"elementor-icon\">\n\t\t\t<i aria-hidden=\"true\" class=\"icon icon-map-marker1\"><\/i>\t\t\t<\/div>\n\t\t<\/div>\n\t\t\t\t\t\t<\/div>\n\t\t\t\t<\/div>\n\t\t\t\t<div class=\"elementor-element elementor-element-b270a10 elementor-widget elementor-widget-text-editor\" data-id=\"b270a10\" data-element_type=\"widget\" data-widget_type=\"text-editor.default\">\n\t\t\t\t<div class=\"elementor-widget-container\">\n\t\t\t\t\t\t\t\t\t<p>21 Avenue de la Marne, 32 000 Auch<\/p>\t\t\t\t\t\t\t\t<\/div>\n\t\t\t\t<\/div>\n\t\t\t\t\t<\/div>\n\t\t\t\t<\/div>\n\t\t<div class=\"elementor-element elementor-element-beccaf8 e-flex e-con-boxed e-con e-child\" data-id=\"beccaf8\" data-element_type=\"container\">\n\t\t\t\t\t<div class=\"e-con-inner\">\n\t\t\t\t<div class=\"elementor-element elementor-element-173d47a elementor-widget elementor-widget-heading\" data-id=\"173d47a\" data-element_type=\"widget\" data-widget_type=\"heading.default\">\n\t\t\t\t<div class=\"elementor-widget-container\">\n\t\t\t\t\t<h2 class=\"elementor-heading-title elementor-size-default\">Horaires<\/h2>\t\t\t\t<\/div>\n\t\t\t\t<\/div>\n\t\t<div class=\"elementor-element elementor-element-24b44c5 e-flex e-con-boxed e-con e-child\" data-id=\"24b44c5\" data-element_type=\"container\">\n\t\t\t\t\t<div class=\"e-con-inner\">\n\t\t\t\t<div class=\"elementor-element elementor-element-089483b elementor-widget elementor-widget-text-editor\" data-id=\"089483b\" data-element_type=\"widget\" data-widget_type=\"text-editor.default\">\n\t\t\t\t<div class=\"elementor-widget-container\">\n\t\t\t\t\t\t\t\t\t<p>Lundi<\/p><p>Mardi<\/p><p>Mercredi<\/p><p>Jeudi<\/p><p>Vendredi<\/p><p>Samedi<\/p><p>Dimanche<\/p>\t\t\t\t\t\t\t\t<\/div>\n\t\t\t\t<\/div>\n\t\t\t\t<div class=\"elementor-element elementor-element-24496dc elementor-widget elementor-widget-text-editor\" data-id=\"24496dc\" data-element_type=\"widget\" data-widget_type=\"text-editor.default\">\n\t\t\t\t<div class=\"elementor-widget-container\">\n\t\t\t\t\t\t\t\t\t<p>09:00\u2009\u2013\u200912:30, 14:00\u2009\u2013\u200917:30\u00a0<\/p><p>09:00\u2009\u2013\u200912:30, 14:00\u2009\u2013\u200917:30<\/p><p>09:00\u2009\u2013\u200912:30, 14:00\u2009\u2013\u200917:30<\/p><p>09:00\u2009\u2013\u200912:30, 14:00\u2009\u2013\u200917:30<\/p><p>09:00\u2009\u2013\u200912:30, 14:00\u2009\u2013\u200917:30<\/p><p>Ferm\u00e9\u00a0<\/p><p>Ferm\u00e9<\/p>\t\t\t\t\t\t\t\t<\/div>\n\t\t\t\t<\/div>\n\t\t\t\t\t<\/div>\n\t\t\t\t<\/div>\n\t\t<div class=\"elementor-element elementor-element-70ccde9 e-flex e-con-boxed e-con e-child\" data-id=\"70ccde9\" data-element_type=\"container\">\n\t\t\t\t\t<div class=\"e-con-inner\">\n\t\t\t\t<div class=\"elementor-element elementor-element-adb4553 elementor-widget__width-initial elementor-view-default elementor-widget elementor-widget-icon\" data-id=\"adb4553\" data-element_type=\"widget\" data-widget_type=\"icon.default\">\n\t\t\t\t<div class=\"elementor-widget-container\">\n\t\t\t\t\t\t\t<div class=\"elementor-icon-wrapper\">\n\t\t\t<div class=\"elementor-icon\">\n\t\t\t<i aria-hidden=\"true\" class=\"icon icon-phone-call\"><\/i>\t\t\t<\/div>\n\t\t<\/div>\n\t\t\t\t\t\t<\/div>\n\t\t\t\t<\/div>\n\t\t\t\t<div class=\"elementor-element elementor-element-b79f87a elementor-widget elementor-widget-text-editor\" data-id=\"b79f87a\" data-element_type=\"widget\" data-widget_type=\"text-editor.default\">\n\t\t\t\t<div class=\"elementor-widget-container\">\n\t\t\t\t\t\t\t\t\t<p>05.62.63.62.93<\/p>\t\t\t\t\t\t\t\t<\/div>\n\t\t\t\t<\/div>\n\t\t\t\t<div class=\"elementor-element elementor-element-40855d1 elementor-widget__width-initial elementor-view-default elementor-widget elementor-widget-icon\" data-id=\"40855d1\" data-element_type=\"widget\" data-widget_type=\"icon.default\">\n\t\t\t\t<div class=\"elementor-widget-container\">\n\t\t\t\t\t\t\t<div class=\"elementor-icon-wrapper\">\n\t\t\t<div class=\"elementor-icon\">\n\t\t\t<i aria-hidden=\"true\" class=\" ti-email\"><\/i>\t\t\t<\/div>\n\t\t<\/div>\n\t\t\t\t\t\t<\/div>\n\t\t\t\t<\/div>\n\t\t\t\t<div class=\"elementor-element elementor-element-6b5ddd3 elementor-widget elementor-widget-text-editor\" data-id=\"6b5ddd3\" data-element_type=\"widget\" data-widget_type=\"text-editor.default\">\n\t\t\t\t<div class=\"elementor-widget-container\">\n\t\t\t\t\t\t\t\t\t<p><a href=\"mailto:agc@exasud.fr\">agc@exasud.fr<\/a><\/p>\t\t\t\t\t\t\t\t<\/div>\n\t\t\t\t<\/div>\n\t\t\t\t\t<\/div>\n\t\t\t\t<\/div>\n\t\t\t\t\t<\/div>\n\t\t\t\t<\/div>\n\t\t\t\t<\/div>\n\t\t<div class=\"elementor-element elementor-element-8a6becd e-con-full e-flex e-con e-child\" data-id=\"8a6becd\" data-element_type=\"container\">\n\t\t\t\t<div class=\"elementor-element elementor-element-5638d00 elementor-widget elementor-widget-google_maps\" data-id=\"5638d00\" data-element_type=\"widget\" data-widget_type=\"google_maps.default\">\n\t\t\t\t<div class=\"elementor-widget-container\">\n\t\t\t\t\t\t\t<div class=\"elementor-custom-embed\">\n\t\t\t<iframe loading=\"lazy\"\n\t\t\t\t\tsrc=\"https:\/\/maps.google.com\/maps?q=21%20Avenue%20de%20la%20Marne%2C%2032%20000%20Auch&#038;t=m&#038;z=14&#038;output=embed&#038;iwloc=near\"\n\t\t\t\t\ttitle=\"21 Avenue de la Marne, 32 000 Auch\"\n\t\t\t\t\taria-label=\"21 Avenue de la Marne, 32 000 Auch\"\n\t\t\t><\/iframe>\n\t\t<\/div>\n\t\t\t\t\t\t<\/div>\n\t\t\t\t<\/div>\n\t\t\t\t<\/div>\n\t\t\t\t\t<\/div>\n\t\t\t\t<\/div>\n\t\t\t\t<\/div>\n\t\t","protected":false},"excerpt":{"rendered":"<p>AUCH Avec Exasud, vous avez le choix entre 4 agences situ\u00e9es en r\u00e9gion Occitanie. L\u2019agence d\u2019Auch est \u00e9galement le si\u00e8ge social d\u2019Exasud. Les experts Exasud de l\u2019agence d\u2019Auch accompagnent les m\u00e9tiers des secteurs agricoles, les m\u00e9tiers TP\/BTP, professions lib\u00e9rales, commer\u00e7ants, artisans ou dans l\u2019exploitation des \u00e9nergies renouvelables. Notre \u00e9quipe vous assiste dans l&rsquo;am\u00e9lioration des performances [&hellip;]<\/p>\n","protected":false},"author":1,"featured_media":0,"parent":0,"menu_order":0,"comment_status":"closed","ping_status":"closed","template":"elementor_header_footer","meta":{"footnotes":""},"class_list":["post-802","page","type-page","status-publish","hentry","entry"],"yoast_head":"<!-- This site is optimized with the Yoast SEO plugin v25.8 - https:\/\/yoast.com\/wordpress\/plugins\/seo\/ -->\n<title>AUCH - exasud<\/title>\n<meta name=\"description\" content=\"Les experts Exasud d&#039;Auch accompagnent divers secteurs tels que l&#039;agriculture, le TP\/BTP, les professions lib\u00e9rales, commer\u00e7ants, artisans et \u00e9nergies renouvelables pour optimiser les performances et initiatives de votre entreprise.\" \/>\n<meta name=\"robots\" content=\"index, follow, max-snippet:-1, max-image-preview:large, max-video-preview:-1\" \/>\n<link rel=\"canonical\" href=\"https:\/\/exasud.fr\/index.php\/auch\/\" \/>\n<meta property=\"og:locale\" content=\"fr_FR\" \/>\n<meta property=\"og:type\" content=\"article\" \/>\n<meta property=\"og:title\" content=\"AUCH - exasud\" \/>\n<meta property=\"og:description\" content=\"Les experts Exasud d&#039;Auch accompagnent divers secteurs tels que l&#039;agriculture, le TP\/BTP, les professions lib\u00e9rales, commer\u00e7ants, artisans et \u00e9nergies renouvelables pour optimiser les performances et initiatives de votre entreprise.\" \/>\n<meta property=\"og:url\" content=\"https:\/\/exasud.fr\/index.php\/auch\/\" \/>\n<meta property=\"og:site_name\" content=\"exasud\" \/>\n<meta property=\"article:modified_time\" content=\"2025-07-17T12:38:53+00:00\" \/>\n<meta property=\"og:image\" content=\"https:\/\/exasud.fr\/wp-content\/uploads\/2024\/01\/iStock-1015085274-1.png\" \/>\n<meta name=\"twitter:card\" content=\"summary_large_image\" \/>\n<meta name=\"twitter:label1\" content=\"Dur\u00e9e de lecture estim\u00e9e\" \/>\n\t<meta name=\"twitter:data1\" content=\"1 minute\" \/>\n<script type=\"application\/ld+json\" class=\"yoast-schema-graph\">{\"@context\":\"https:\/\/schema.org\",\"@graph\":[{\"@type\":\"WebPage\",\"@id\":\"https:\/\/exasud.fr\/index.php\/auch\/\",\"url\":\"https:\/\/exasud.fr\/index.php\/auch\/\",\"name\":\"AUCH - exasud\",\"isPartOf\":{\"@id\":\"https:\/\/exasud.fr\/#website\"},\"primaryImageOfPage\":{\"@id\":\"https:\/\/exasud.fr\/index.php\/auch\/#primaryimage\"},\"image\":{\"@id\":\"https:\/\/exasud.fr\/index.php\/auch\/#primaryimage\"},\"thumbnailUrl\":\"https:\/\/exasud.fr\/wp-content\/uploads\/2024\/01\/iStock-1015085274-1.png\",\"datePublished\":\"2024-01-18T14:38:51+00:00\",\"dateModified\":\"2025-07-17T12:38:53+00:00\",\"description\":\"Les experts Exasud d'Auch accompagnent divers secteurs tels que l'agriculture, le TP\/BTP, les professions lib\u00e9rales, commer\u00e7ants, artisans et \u00e9nergies renouvelables pour optimiser les performances et initiatives de votre entreprise.\",\"breadcrumb\":{\"@id\":\"https:\/\/exasud.fr\/index.php\/auch\/#breadcrumb\"},\"inLanguage\":\"fr-FR\",\"potentialAction\":[{\"@type\":\"ReadAction\",\"target\":[\"https:\/\/exasud.fr\/index.php\/auch\/\"]}]},{\"@type\":\"ImageObject\",\"inLanguage\":\"fr-FR\",\"@id\":\"https:\/\/exasud.fr\/index.php\/auch\/#primaryimage\",\"url\":\"https:\/\/exasud.fr\/wp-content\/uploads\/2024\/01\/iStock-1015085274-1.png\",\"contentUrl\":\"https:\/\/exasud.fr\/wp-content\/uploads\/2024\/01\/iStock-1015085274-1.png\",\"width\":2818,\"height\":1490},{\"@type\":\"BreadcrumbList\",\"@id\":\"https:\/\/exasud.fr\/index.php\/auch\/#breadcrumb\",\"itemListElement\":[{\"@type\":\"ListItem\",\"position\":1,\"name\":\"Accueil\",\"item\":\"https:\/\/exasud.fr\/\"},{\"@type\":\"ListItem\",\"position\":2,\"name\":\"AUCH\"}]},{\"@type\":\"WebSite\",\"@id\":\"https:\/\/exasud.fr\/#website\",\"url\":\"https:\/\/exasud.fr\/\",\"name\":\"exasud\",\"description\":\"\",\"publisher\":{\"@id\":\"https:\/\/exasud.fr\/#organization\"},\"potentialAction\":[{\"@type\":\"SearchAction\",\"target\":{\"@type\":\"EntryPoint\",\"urlTemplate\":\"https:\/\/exasud.fr\/?s={search_term_string}\"},\"query-input\":{\"@type\":\"PropertyValueSpecification\",\"valueRequired\":true,\"valueName\":\"search_term_string\"}}],\"inLanguage\":\"fr-FR\"},{\"@type\":\"Organization\",\"@id\":\"https:\/\/exasud.fr\/#organization\",\"name\":\"exasud\",\"url\":\"https:\/\/exasud.fr\/\",\"logo\":{\"@type\":\"ImageObject\",\"inLanguage\":\"fr-FR\",\"@id\":\"https:\/\/exasud.fr\/#\/schema\/logo\/image\/\",\"url\":\"https:\/\/exasud.fr\/wp-content\/uploads\/2024\/01\/Exasud_Baseline_RVB.png\",\"contentUrl\":\"https:\/\/exasud.fr\/wp-content\/uploads\/2024\/01\/Exasud_Baseline_RVB.png\",\"width\":2329,\"height\":1273,\"caption\":\"exasud\"},\"image\":{\"@id\":\"https:\/\/exasud.fr\/#\/schema\/logo\/image\/\"}}]}<\/script>\n<!-- \/ Yoast SEO plugin. -->","yoast_head_json":{"title":"AUCH - exasud","description":"Les experts Exasud d'Auch accompagnent divers secteurs tels que l'agriculture, le TP\/BTP, les professions lib\u00e9rales, commer\u00e7ants, artisans et \u00e9nergies renouvelables pour optimiser les performances et initiatives de votre entreprise.","robots":{"index":"index","follow":"follow","max-snippet":"max-snippet:-1","max-image-preview":"max-image-preview:large","max-video-preview":"max-video-preview:-1"},"canonical":"https:\/\/exasud.fr\/index.php\/auch\/","og_locale":"fr_FR","og_type":"article","og_title":"AUCH - exasud","og_description":"Les experts Exasud d'Auch accompagnent divers secteurs tels que l'agriculture, le TP\/BTP, les professions lib\u00e9rales, commer\u00e7ants, artisans et \u00e9nergies renouvelables pour optimiser les performances et initiatives de votre entreprise.","og_url":"https:\/\/exasud.fr\/index.php\/auch\/","og_site_name":"exasud","article_modified_time":"2025-07-17T12:38:53+00:00","og_image":[{"url":"https:\/\/exasud.fr\/wp-content\/uploads\/2024\/01\/iStock-1015085274-1.png","type":"","width":"","height":""}],"twitter_card":"summary_large_image","twitter_misc":{"Dur\u00e9e de lecture estim\u00e9e":"1 minute"},"schema":{"@context":"https:\/\/schema.org","@graph":[{"@type":"WebPage","@id":"https:\/\/exasud.fr\/index.php\/auch\/","url":"https:\/\/exasud.fr\/index.php\/auch\/","name":"AUCH - exasud","isPartOf":{"@id":"https:\/\/exasud.fr\/#website"},"primaryImageOfPage":{"@id":"https:\/\/exasud.fr\/index.php\/auch\/#primaryimage"},"image":{"@id":"https:\/\/exasud.fr\/index.php\/auch\/#primaryimage"},"thumbnailUrl":"https:\/\/exasud.fr\/wp-content\/uploads\/2024\/01\/iStock-1015085274-1.png","datePublished":"2024-01-18T14:38:51+00:00","dateModified":"2025-07-17T12:38:53+00:00","description":"Les experts Exasud d'Auch accompagnent divers secteurs tels que l'agriculture, le TP\/BTP, les professions lib\u00e9rales, commer\u00e7ants, artisans et \u00e9nergies renouvelables pour optimiser les performances et initiatives de votre entreprise.","breadcrumb":{"@id":"https:\/\/exasud.fr\/index.php\/auch\/#breadcrumb"},"inLanguage":"fr-FR","potentialAction":[{"@type":"ReadAction","target":["https:\/\/exasud.fr\/index.php\/auch\/"]}]},{"@type":"ImageObject","inLanguage":"fr-FR","@id":"https:\/\/exasud.fr\/index.php\/auch\/#primaryimage","url":"https:\/\/exasud.fr\/wp-content\/uploads\/2024\/01\/iStock-1015085274-1.png","contentUrl":"https:\/\/exasud.fr\/wp-content\/uploads\/2024\/01\/iStock-1015085274-1.png","width":2818,"height":1490},{"@type":"BreadcrumbList","@id":"https:\/\/exasud.fr\/index.php\/auch\/#breadcrumb","itemListElement":[{"@type":"ListItem","position":1,"name":"Accueil","item":"https:\/\/exasud.fr\/"},{"@type":"ListItem","position":2,"name":"AUCH"}]},{"@type":"WebSite","@id":"https:\/\/exasud.fr\/#website","url":"https:\/\/exasud.fr\/","name":"exasud","description":"","publisher":{"@id":"https:\/\/exasud.fr\/#organization"},"potentialAction":[{"@type":"SearchAction","target":{"@type":"EntryPoint","urlTemplate":"https:\/\/exasud.fr\/?s={search_term_string}"},"query-input":{"@type":"PropertyValueSpecification","valueRequired":true,"valueName":"search_term_string"}}],"inLanguage":"fr-FR"},{"@type":"Organization","@id":"https:\/\/exasud.fr\/#organization","name":"exasud","url":"https:\/\/exasud.fr\/","logo":{"@type":"ImageObject","inLanguage":"fr-FR","@id":"https:\/\/exasud.fr\/#\/schema\/logo\/image\/","url":"https:\/\/exasud.fr\/wp-content\/uploads\/2024\/01\/Exasud_Baseline_RVB.png","contentUrl":"https:\/\/exasud.fr\/wp-content\/uploads\/2024\/01\/Exasud_Baseline_RVB.png","width":2329,"height":1273,"caption":"exasud"},"image":{"@id":"https:\/\/exasud.fr\/#\/schema\/logo\/image\/"}}]}},"_links":{"self":[{"href":"https:\/\/exasud.fr\/index.php\/wp-json\/wp\/v2\/pages\/802","targetHints":{"allow":["GET"]}}],"collection":[{"href":"https:\/\/exasud.fr\/index.php\/wp-json\/wp\/v2\/pages"}],"about":[{"href":"https:\/\/exasud.fr\/index.php\/wp-json\/wp\/v2\/types\/page"}],"author":[{"embeddable":true,"href":"https:\/\/exasud.fr\/index.php\/wp-json\/wp\/v2\/users\/1"}],"replies":[{"embeddable":true,"href":"https:\/\/exasud.fr\/index.php\/wp-json\/wp\/v2\/comments?post=802"}],"version-history":[{"count":59,"href":"https:\/\/exasud.fr\/index.php\/wp-json\/wp\/v2\/pages\/802\/revisions"}],"predecessor-version":[{"id":4310,"href":"https:\/\/exasud.fr\/index.php\/wp-json\/wp\/v2\/pages\/802\/revisions\/4310"}],"wp:attachment":[{"href":"https:\/\/exasud.fr\/index.php\/wp-json\/wp\/v2\/media?parent=802"}],"curies":[{"name":"wp","href":"https:\/\/api.w.org\/{rel}","templated":true}]}}