{"id":830,"date":"2024-01-18T15:09:38","date_gmt":"2024-01-18T15:09:38","guid":{"rendered":"https:\/\/exasud.fr\/?page_id=830"},"modified":"2025-07-17T12:41:53","modified_gmt":"2025-07-17T12:41:53","slug":"montauban","status":"publish","type":"page","link":"https:\/\/exasud.fr\/index.php\/montauban\/","title":{"rendered":"MONTAUBAN"},"content":{"rendered":"\t\t<div data-elementor-type=\"wp-page\" data-elementor-id=\"830\" class=\"elementor elementor-830\" data-elementor-post-type=\"page\">\n\t\t\t\t\t\t<section class=\"elementor-section elementor-top-section elementor-element elementor-element-15d73acc elementor-section-content-middle elementor-reverse-tablet elementor-reverse-mobile elementor-section-boxed elementor-section-height-default elementor-section-height-default\" data-id=\"15d73acc\" data-element_type=\"section\" data-settings=\"{&quot;background_background&quot;:&quot;classic&quot;}\">\n\t\t\t\t\t\t\t<div class=\"elementor-background-overlay\"><\/div>\n\t\t\t\t\t\t\t<div class=\"elementor-container elementor-column-gap-default\">\n\t\t\t\t\t<div class=\"elementor-column elementor-col-50 elementor-top-column elementor-element elementor-element-1105d343 elementor-invisible\" data-id=\"1105d343\" data-element_type=\"column\" data-settings=\"{&quot;animation&quot;:&quot;fadeInLeft&quot;}\">\n\t\t\t<div class=\"elementor-widget-wrap elementor-element-populated\">\n\t\t\t\t\t\t<div class=\"elementor-element elementor-element-58b38eba elementor-widget elementor-widget-heading\" data-id=\"58b38eba\" data-element_type=\"widget\" data-widget_type=\"heading.default\">\n\t\t\t\t<div class=\"elementor-widget-container\">\n\t\t\t\t\t<h1 class=\"elementor-heading-title elementor-size-default\">MONTAUBAN<\/h1>\t\t\t\t<\/div>\n\t\t\t\t<\/div>\n\t\t\t\t\t<\/div>\n\t\t<\/div>\n\t\t\t\t<div class=\"elementor-column elementor-col-50 elementor-top-column elementor-element elementor-element-1be4d804 elementor-invisible\" data-id=\"1be4d804\" data-element_type=\"column\" data-settings=\"{&quot;animation&quot;:&quot;fadeInRight&quot;}\">\n\t\t\t<div class=\"elementor-widget-wrap elementor-element-populated\">\n\t\t\t\t\t\t<div class=\"elementor-element elementor-element-5bd86602 elementor-widget__width-initial elementor-widget elementor-widget-image\" data-id=\"5bd86602\" data-element_type=\"widget\" data-widget_type=\"image.default\">\n\t\t\t\t<div class=\"elementor-widget-container\">\n\t\t\t\t\t\t\t\t\t\t\t\t\t\t\t<img fetchpriority=\"high\" decoding=\"async\" width=\"2738\" height=\"1504\" src=\"https:\/\/exasud.fr\/wp-content\/uploads\/2024\/01\/iStock-1015085274-2.png\" class=\"attachment-full size-full wp-image-152\" alt=\"\" srcset=\"https:\/\/exasud.fr\/wp-content\/uploads\/2024\/01\/iStock-1015085274-2.png 2738w, https:\/\/exasud.fr\/wp-content\/uploads\/2024\/01\/iStock-1015085274-2-300x165.png 300w, https:\/\/exasud.fr\/wp-content\/uploads\/2024\/01\/iStock-1015085274-2-1024x562.png 1024w, https:\/\/exasud.fr\/wp-content\/uploads\/2024\/01\/iStock-1015085274-2-768x422.png 768w, https:\/\/exasud.fr\/wp-content\/uploads\/2024\/01\/iStock-1015085274-2-1536x844.png 1536w, https:\/\/exasud.fr\/wp-content\/uploads\/2024\/01\/iStock-1015085274-2-2048x1125.png 2048w\" sizes=\"(max-width: 2738px) 100vw, 2738px\" \/>\t\t\t\t\t\t\t\t\t\t\t\t\t\t\t<\/div>\n\t\t\t\t<\/div>\n\t\t\t\t\t<\/div>\n\t\t<\/div>\n\t\t\t\t\t<\/div>\n\t\t<\/section>\n\t\t\t\t<section class=\"elementor-section elementor-top-section elementor-element elementor-element-53df888f elementor-section-content-middle elementor-section-boxed elementor-section-height-default elementor-section-height-default\" data-id=\"53df888f\" data-element_type=\"section\">\n\t\t\t\t\t\t<div class=\"elementor-container elementor-column-gap-default\">\n\t\t\t\t\t<div class=\"elementor-column elementor-col-100 elementor-top-column elementor-element elementor-element-71029bf7\" data-id=\"71029bf7\" data-element_type=\"column\">\n\t\t\t<div class=\"elementor-widget-wrap elementor-element-populated\">\n\t\t\t\t\t\t<div class=\"elementor-element elementor-element-77d2523a elementor-widget elementor-widget-heading\" data-id=\"77d2523a\" data-element_type=\"widget\" data-widget_type=\"heading.default\">\n\t\t\t\t<div class=\"elementor-widget-container\">\n\t\t\t\t\t<h2 class=\"elementor-heading-title elementor-size-default\">Situ\u00e9e en plein c\u0153ur de Montauban, l\u2019agence Exasud est facilement accessible en voiture. <\/h2>\t\t\t\t<\/div>\n\t\t\t\t<\/div>\n\t\t\t\t<div class=\"elementor-element elementor-element-7eafdd41 elementor-widget__width-initial elementor-widget elementor-widget-text-editor\" data-id=\"7eafdd41\" data-element_type=\"widget\" data-widget_type=\"text-editor.default\">\n\t\t\t\t<div class=\"elementor-widget-container\">\n\t\t\t\t\t\t\t\t\t<p>Les experts Exasud de l\u2019agence de Montauban accompagnent les m\u00e9tiers des secteurs agricoles, les m\u00e9tiers TP\/BTP, professions lib\u00e9rales, commer\u00e7ants, artisans ou dans l\u2019exploitation des \u00e9nergies renouvelables. Notre \u00e9quipe vous assiste dans l&rsquo;am\u00e9lioration des performances de votre entreprise et de vos initiatives.\u00a0<\/p><p>D\u00e9veloppez votre entreprise avec Exasud et venez nous rencontrer \u00e0 l\u2019agence de Montauban.\u00a0<\/p>\t\t\t\t\t\t\t\t<\/div>\n\t\t\t\t<\/div>\n\t\t\t\t\t<\/div>\n\t\t<\/div>\n\t\t\t\t\t<\/div>\n\t\t<\/section>\n\t\t<div class=\"elementor-element elementor-element-17b2110a e-flex e-con-boxed e-con e-parent\" data-id=\"17b2110a\" data-element_type=\"container\">\n\t\t\t\t\t<div class=\"e-con-inner\">\n\t\t<div class=\"elementor-element elementor-element-d5020eb e-con-full e-flex e-con e-child\" data-id=\"d5020eb\" data-element_type=\"container\">\n\t\t<div class=\"elementor-element elementor-element-25b64b62 e-flex e-con-boxed e-con e-child\" data-id=\"25b64b62\" data-element_type=\"container\">\n\t\t\t\t\t<div class=\"e-con-inner\">\n\t\t\t\t<div class=\"elementor-element elementor-element-1b65d63a elementor-widget__width-initial elementor-view-default elementor-widget elementor-widget-icon\" data-id=\"1b65d63a\" data-element_type=\"widget\" data-widget_type=\"icon.default\">\n\t\t\t\t<div class=\"elementor-widget-container\">\n\t\t\t\t\t\t\t<div class=\"elementor-icon-wrapper\">\n\t\t\t<div class=\"elementor-icon\">\n\t\t\t<i aria-hidden=\"true\" class=\"icon icon-map-marker1\"><\/i>\t\t\t<\/div>\n\t\t<\/div>\n\t\t\t\t\t\t<\/div>\n\t\t\t\t<\/div>\n\t\t\t\t<div class=\"elementor-element elementor-element-645403bf elementor-widget elementor-widget-text-editor\" data-id=\"645403bf\" data-element_type=\"widget\" data-widget_type=\"text-editor.default\">\n\t\t\t\t<div class=\"elementor-widget-container\">\n\t\t\t\t\t\t\t\t\t<p>685 Chemin de la Fontaine,<br>82 000 Montauban<\/p>\t\t\t\t\t\t\t\t<\/div>\n\t\t\t\t<\/div>\n\t\t\t\t\t<\/div>\n\t\t\t\t<\/div>\n\t\t<div class=\"elementor-element elementor-element-79267418 e-flex e-con-boxed e-con e-child\" data-id=\"79267418\" data-element_type=\"container\">\n\t\t\t\t\t<div class=\"e-con-inner\">\n\t\t\t\t<div class=\"elementor-element elementor-element-2db7d58b elementor-widget elementor-widget-heading\" data-id=\"2db7d58b\" data-element_type=\"widget\" data-widget_type=\"heading.default\">\n\t\t\t\t<div class=\"elementor-widget-container\">\n\t\t\t\t\t<h2 class=\"elementor-heading-title elementor-size-default\">Horaires<\/h2>\t\t\t\t<\/div>\n\t\t\t\t<\/div>\n\t\t<div class=\"elementor-element elementor-element-13c272a4 e-flex e-con-boxed e-con e-child\" data-id=\"13c272a4\" data-element_type=\"container\">\n\t\t\t\t\t<div class=\"e-con-inner\">\n\t\t\t\t<div class=\"elementor-element elementor-element-458baef6 elementor-widget elementor-widget-text-editor\" data-id=\"458baef6\" data-element_type=\"widget\" data-widget_type=\"text-editor.default\">\n\t\t\t\t<div class=\"elementor-widget-container\">\n\t\t\t\t\t\t\t\t\t<p>Lundi<\/p><p>Mardi<\/p><p>Mercredi<\/p><p>Jeudi<\/p><p>Vendredi<\/p><p>Samedi<\/p><p>Dimanche<\/p>\t\t\t\t\t\t\t\t<\/div>\n\t\t\t\t<\/div>\n\t\t\t\t<div class=\"elementor-element elementor-element-6790fcd5 elementor-widget elementor-widget-text-editor\" data-id=\"6790fcd5\" data-element_type=\"widget\" data-widget_type=\"text-editor.default\">\n\t\t\t\t<div class=\"elementor-widget-container\">\n\t\t\t\t\t\t\t\t\t<p>09:00\u2009\u2013\u200912:30, 13:30\u2009\u2013\u200917:30<\/p><p>09:00\u2009\u2013\u200912:30, 13:30\u2009\u2013\u200917:30<\/p><p>09:00\u2009\u2013\u200912:30, 13:30\u2009\u2013\u200917:30<\/p><p>09:00\u2009\u2013\u200912:30, 13:30\u2009\u2013\u200917:30<\/p><p>09:00\u2009\u2013\u200912:30, 13:30\u2009\u2013\u200917:30<\/p><p>Ferm\u00e9\u00a0<\/p><p>Ferm\u00e9<\/p>\t\t\t\t\t\t\t\t<\/div>\n\t\t\t\t<\/div>\n\t\t\t\t\t<\/div>\n\t\t\t\t<\/div>\n\t\t<div class=\"elementor-element elementor-element-abe01e7 e-flex e-con-boxed e-con e-child\" data-id=\"abe01e7\" data-element_type=\"container\">\n\t\t\t\t\t<div class=\"e-con-inner\">\n\t\t\t\t<div class=\"elementor-element elementor-element-77a25cab elementor-widget__width-initial elementor-view-default elementor-widget elementor-widget-icon\" data-id=\"77a25cab\" data-element_type=\"widget\" data-widget_type=\"icon.default\">\n\t\t\t\t<div class=\"elementor-widget-container\">\n\t\t\t\t\t\t\t<div class=\"elementor-icon-wrapper\">\n\t\t\t<div class=\"elementor-icon\">\n\t\t\t<i aria-hidden=\"true\" class=\"icon icon-phone-call\"><\/i>\t\t\t<\/div>\n\t\t<\/div>\n\t\t\t\t\t\t<\/div>\n\t\t\t\t<\/div>\n\t\t\t\t<div class=\"elementor-element elementor-element-5b26d315 elementor-widget elementor-widget-text-editor\" data-id=\"5b26d315\" data-element_type=\"widget\" data-widget_type=\"text-editor.default\">\n\t\t\t\t<div class=\"elementor-widget-container\">\n\t\t\t\t\t\t\t\t\t<p>05.63.91.94.18<\/p>\t\t\t\t\t\t\t\t<\/div>\n\t\t\t\t<\/div>\n\t\t\t\t<div class=\"elementor-element elementor-element-6e46aefc elementor-widget__width-initial elementor-view-default elementor-widget elementor-widget-icon\" data-id=\"6e46aefc\" data-element_type=\"widget\" data-widget_type=\"icon.default\">\n\t\t\t\t<div class=\"elementor-widget-container\">\n\t\t\t\t\t\t\t<div class=\"elementor-icon-wrapper\">\n\t\t\t<div class=\"elementor-icon\">\n\t\t\t<i aria-hidden=\"true\" class=\" ti-email\"><\/i>\t\t\t<\/div>\n\t\t<\/div>\n\t\t\t\t\t\t<\/div>\n\t\t\t\t<\/div>\n\t\t\t\t<div class=\"elementor-element elementor-element-214c2df4 elementor-widget elementor-widget-text-editor\" data-id=\"214c2df4\" data-element_type=\"widget\" data-widget_type=\"text-editor.default\">\n\t\t\t\t<div class=\"elementor-widget-container\">\n\t\t\t\t\t\t\t\t\t<p><a href=\"mailto:agc@exasud.fr\">agc@exasud.fr<\/a><\/p>\t\t\t\t\t\t\t\t<\/div>\n\t\t\t\t<\/div>\n\t\t\t\t\t<\/div>\n\t\t\t\t<\/div>\n\t\t\t\t\t<\/div>\n\t\t\t\t<\/div>\n\t\t\t\t<\/div>\n\t\t<div class=\"elementor-element elementor-element-4c14396b e-con-full e-flex e-con e-child\" data-id=\"4c14396b\" data-element_type=\"container\">\n\t\t\t\t<div class=\"elementor-element elementor-element-400f46e6 elementor-widget elementor-widget-google_maps\" data-id=\"400f46e6\" data-element_type=\"widget\" data-widget_type=\"google_maps.default\">\n\t\t\t\t<div class=\"elementor-widget-container\">\n\t\t\t\t\t\t\t<div class=\"elementor-custom-embed\">\n\t\t\t<iframe loading=\"lazy\"\n\t\t\t\t\tsrc=\"https:\/\/maps.google.com\/maps?q=685%20chemin%20Fontaine%20ld%20fonneuve%2C%20%2082%20000%20%20%20&#038;t=m&#038;z=14&#038;output=embed&#038;iwloc=near\"\n\t\t\t\t\ttitle=\"685 chemin Fontaine ld fonneuve,  82 000   \"\n\t\t\t\t\taria-label=\"685 chemin Fontaine ld fonneuve,  82 000   \"\n\t\t\t><\/iframe>\n\t\t<\/div>\n\t\t\t\t\t\t<\/div>\n\t\t\t\t<\/div>\n\t\t\t\t<\/div>\n\t\t\t\t\t<\/div>\n\t\t\t\t<\/div>\n\t\t\t\t<\/div>\n\t\t","protected":false},"excerpt":{"rendered":"<p>MONTAUBAN Situ\u00e9e en plein c\u0153ur de Montauban, l\u2019agence Exasud est facilement accessible en voiture. Les experts Exasud de l\u2019agence de Montauban accompagnent les m\u00e9tiers des secteurs agricoles, les m\u00e9tiers TP\/BTP, professions lib\u00e9rales, commer\u00e7ants, artisans ou dans l\u2019exploitation des \u00e9nergies renouvelables. Notre \u00e9quipe vous assiste dans l&rsquo;am\u00e9lioration des performances de votre entreprise et de vos initiatives.\u00a0 [&hellip;]<\/p>\n","protected":false},"author":1,"featured_media":0,"parent":0,"menu_order":0,"comment_status":"closed","ping_status":"closed","template":"elementor_header_footer","meta":{"footnotes":""},"class_list":["post-830","page","type-page","status-publish","hentry","entry"],"yoast_head":"<!-- This site is optimized with the Yoast SEO plugin v25.8 - https:\/\/yoast.com\/wordpress\/plugins\/seo\/ -->\n<title>MONTAUBAN - exasud<\/title>\n<meta name=\"description\" content=\"Les experts Exasud de l\u2019agence de Montauban accompagnent les m\u00e9tiers des secteurs agricoles, les m\u00e9tiers TP\/BTP, professions lib\u00e9rales, commer\u00e7ants, artisans ou dans l\u2019exploitation des \u00e9nergies renouvelables.\" \/>\n<meta name=\"robots\" content=\"index, follow, max-snippet:-1, max-image-preview:large, max-video-preview:-1\" \/>\n<link rel=\"canonical\" href=\"https:\/\/exasud.fr\/index.php\/montauban\/\" \/>\n<meta property=\"og:locale\" content=\"fr_FR\" \/>\n<meta property=\"og:type\" content=\"article\" \/>\n<meta property=\"og:title\" content=\"MONTAUBAN - exasud\" \/>\n<meta property=\"og:description\" content=\"Les experts Exasud de l\u2019agence de Montauban accompagnent les m\u00e9tiers des secteurs agricoles, les m\u00e9tiers TP\/BTP, professions lib\u00e9rales, commer\u00e7ants, artisans ou dans l\u2019exploitation des \u00e9nergies renouvelables.\" \/>\n<meta property=\"og:url\" content=\"https:\/\/exasud.fr\/index.php\/montauban\/\" \/>\n<meta property=\"og:site_name\" content=\"exasud\" \/>\n<meta property=\"article:modified_time\" content=\"2025-07-17T12:41:53+00:00\" \/>\n<meta property=\"og:image\" content=\"https:\/\/exasud.fr\/wp-content\/uploads\/2024\/01\/iStock-1015085274-2.png\" \/>\n<meta name=\"twitter:card\" content=\"summary_large_image\" \/>\n<meta name=\"twitter:label1\" content=\"Dur\u00e9e de lecture estim\u00e9e\" \/>\n\t<meta name=\"twitter:data1\" content=\"1 minute\" \/>\n<script type=\"application\/ld+json\" class=\"yoast-schema-graph\">{\"@context\":\"https:\/\/schema.org\",\"@graph\":[{\"@type\":\"WebPage\",\"@id\":\"https:\/\/exasud.fr\/index.php\/montauban\/\",\"url\":\"https:\/\/exasud.fr\/index.php\/montauban\/\",\"name\":\"MONTAUBAN - exasud\",\"isPartOf\":{\"@id\":\"https:\/\/exasud.fr\/#website\"},\"primaryImageOfPage\":{\"@id\":\"https:\/\/exasud.fr\/index.php\/montauban\/#primaryimage\"},\"image\":{\"@id\":\"https:\/\/exasud.fr\/index.php\/montauban\/#primaryimage\"},\"thumbnailUrl\":\"https:\/\/exasud.fr\/wp-content\/uploads\/2024\/01\/iStock-1015085274-2.png\",\"datePublished\":\"2024-01-18T15:09:38+00:00\",\"dateModified\":\"2025-07-17T12:41:53+00:00\",\"description\":\"Les experts Exasud de l\u2019agence de Montauban accompagnent les m\u00e9tiers des secteurs agricoles, les m\u00e9tiers TP\/BTP, professions lib\u00e9rales, commer\u00e7ants, artisans ou dans l\u2019exploitation des \u00e9nergies renouvelables.\",\"breadcrumb\":{\"@id\":\"https:\/\/exasud.fr\/index.php\/montauban\/#breadcrumb\"},\"inLanguage\":\"fr-FR\",\"potentialAction\":[{\"@type\":\"ReadAction\",\"target\":[\"https:\/\/exasud.fr\/index.php\/montauban\/\"]}]},{\"@type\":\"ImageObject\",\"inLanguage\":\"fr-FR\",\"@id\":\"https:\/\/exasud.fr\/index.php\/montauban\/#primaryimage\",\"url\":\"https:\/\/exasud.fr\/wp-content\/uploads\/2024\/01\/iStock-1015085274-2.png\",\"contentUrl\":\"https:\/\/exasud.fr\/wp-content\/uploads\/2024\/01\/iStock-1015085274-2.png\",\"width\":2738,\"height\":1504},{\"@type\":\"BreadcrumbList\",\"@id\":\"https:\/\/exasud.fr\/index.php\/montauban\/#breadcrumb\",\"itemListElement\":[{\"@type\":\"ListItem\",\"position\":1,\"name\":\"Accueil\",\"item\":\"https:\/\/exasud.fr\/\"},{\"@type\":\"ListItem\",\"position\":2,\"name\":\"MONTAUBAN\"}]},{\"@type\":\"WebSite\",\"@id\":\"https:\/\/exasud.fr\/#website\",\"url\":\"https:\/\/exasud.fr\/\",\"name\":\"exasud\",\"description\":\"\",\"publisher\":{\"@id\":\"https:\/\/exasud.fr\/#organization\"},\"potentialAction\":[{\"@type\":\"SearchAction\",\"target\":{\"@type\":\"EntryPoint\",\"urlTemplate\":\"https:\/\/exasud.fr\/?s={search_term_string}\"},\"query-input\":{\"@type\":\"PropertyValueSpecification\",\"valueRequired\":true,\"valueName\":\"search_term_string\"}}],\"inLanguage\":\"fr-FR\"},{\"@type\":\"Organization\",\"@id\":\"https:\/\/exasud.fr\/#organization\",\"name\":\"exasud\",\"url\":\"https:\/\/exasud.fr\/\",\"logo\":{\"@type\":\"ImageObject\",\"inLanguage\":\"fr-FR\",\"@id\":\"https:\/\/exasud.fr\/#\/schema\/logo\/image\/\",\"url\":\"https:\/\/exasud.fr\/wp-content\/uploads\/2024\/01\/Exasud_Baseline_RVB.png\",\"contentUrl\":\"https:\/\/exasud.fr\/wp-content\/uploads\/2024\/01\/Exasud_Baseline_RVB.png\",\"width\":2329,\"height\":1273,\"caption\":\"exasud\"},\"image\":{\"@id\":\"https:\/\/exasud.fr\/#\/schema\/logo\/image\/\"}}]}<\/script>\n<!-- \/ Yoast SEO plugin. -->","yoast_head_json":{"title":"MONTAUBAN - exasud","description":"Les experts Exasud de l\u2019agence de Montauban accompagnent les m\u00e9tiers des secteurs agricoles, les m\u00e9tiers TP\/BTP, professions lib\u00e9rales, commer\u00e7ants, artisans ou dans l\u2019exploitation des \u00e9nergies renouvelables.","robots":{"index":"index","follow":"follow","max-snippet":"max-snippet:-1","max-image-preview":"max-image-preview:large","max-video-preview":"max-video-preview:-1"},"canonical":"https:\/\/exasud.fr\/index.php\/montauban\/","og_locale":"fr_FR","og_type":"article","og_title":"MONTAUBAN - exasud","og_description":"Les experts Exasud de l\u2019agence de Montauban accompagnent les m\u00e9tiers des secteurs agricoles, les m\u00e9tiers TP\/BTP, professions lib\u00e9rales, commer\u00e7ants, artisans ou dans l\u2019exploitation des \u00e9nergies renouvelables.","og_url":"https:\/\/exasud.fr\/index.php\/montauban\/","og_site_name":"exasud","article_modified_time":"2025-07-17T12:41:53+00:00","og_image":[{"url":"https:\/\/exasud.fr\/wp-content\/uploads\/2024\/01\/iStock-1015085274-2.png","type":"","width":"","height":""}],"twitter_card":"summary_large_image","twitter_misc":{"Dur\u00e9e de lecture estim\u00e9e":"1 minute"},"schema":{"@context":"https:\/\/schema.org","@graph":[{"@type":"WebPage","@id":"https:\/\/exasud.fr\/index.php\/montauban\/","url":"https:\/\/exasud.fr\/index.php\/montauban\/","name":"MONTAUBAN - exasud","isPartOf":{"@id":"https:\/\/exasud.fr\/#website"},"primaryImageOfPage":{"@id":"https:\/\/exasud.fr\/index.php\/montauban\/#primaryimage"},"image":{"@id":"https:\/\/exasud.fr\/index.php\/montauban\/#primaryimage"},"thumbnailUrl":"https:\/\/exasud.fr\/wp-content\/uploads\/2024\/01\/iStock-1015085274-2.png","datePublished":"2024-01-18T15:09:38+00:00","dateModified":"2025-07-17T12:41:53+00:00","description":"Les experts Exasud de l\u2019agence de Montauban accompagnent les m\u00e9tiers des secteurs agricoles, les m\u00e9tiers TP\/BTP, professions lib\u00e9rales, commer\u00e7ants, artisans ou dans l\u2019exploitation des \u00e9nergies renouvelables.","breadcrumb":{"@id":"https:\/\/exasud.fr\/index.php\/montauban\/#breadcrumb"},"inLanguage":"fr-FR","potentialAction":[{"@type":"ReadAction","target":["https:\/\/exasud.fr\/index.php\/montauban\/"]}]},{"@type":"ImageObject","inLanguage":"fr-FR","@id":"https:\/\/exasud.fr\/index.php\/montauban\/#primaryimage","url":"https:\/\/exasud.fr\/wp-content\/uploads\/2024\/01\/iStock-1015085274-2.png","contentUrl":"https:\/\/exasud.fr\/wp-content\/uploads\/2024\/01\/iStock-1015085274-2.png","width":2738,"height":1504},{"@type":"BreadcrumbList","@id":"https:\/\/exasud.fr\/index.php\/montauban\/#breadcrumb","itemListElement":[{"@type":"ListItem","position":1,"name":"Accueil","item":"https:\/\/exasud.fr\/"},{"@type":"ListItem","position":2,"name":"MONTAUBAN"}]},{"@type":"WebSite","@id":"https:\/\/exasud.fr\/#website","url":"https:\/\/exasud.fr\/","name":"exasud","description":"","publisher":{"@id":"https:\/\/exasud.fr\/#organization"},"potentialAction":[{"@type":"SearchAction","target":{"@type":"EntryPoint","urlTemplate":"https:\/\/exasud.fr\/?s={search_term_string}"},"query-input":{"@type":"PropertyValueSpecification","valueRequired":true,"valueName":"search_term_string"}}],"inLanguage":"fr-FR"},{"@type":"Organization","@id":"https:\/\/exasud.fr\/#organization","name":"exasud","url":"https:\/\/exasud.fr\/","logo":{"@type":"ImageObject","inLanguage":"fr-FR","@id":"https:\/\/exasud.fr\/#\/schema\/logo\/image\/","url":"https:\/\/exasud.fr\/wp-content\/uploads\/2024\/01\/Exasud_Baseline_RVB.png","contentUrl":"https:\/\/exasud.fr\/wp-content\/uploads\/2024\/01\/Exasud_Baseline_RVB.png","width":2329,"height":1273,"caption":"exasud"},"image":{"@id":"https:\/\/exasud.fr\/#\/schema\/logo\/image\/"}}]}},"_links":{"self":[{"href":"https:\/\/exasud.fr\/index.php\/wp-json\/wp\/v2\/pages\/830","targetHints":{"allow":["GET"]}}],"collection":[{"href":"https:\/\/exasud.fr\/index.php\/wp-json\/wp\/v2\/pages"}],"about":[{"href":"https:\/\/exasud.fr\/index.php\/wp-json\/wp\/v2\/types\/page"}],"author":[{"embeddable":true,"href":"https:\/\/exasud.fr\/index.php\/wp-json\/wp\/v2\/users\/1"}],"replies":[{"embeddable":true,"href":"https:\/\/exasud.fr\/index.php\/wp-json\/wp\/v2\/comments?post=830"}],"version-history":[{"count":34,"href":"https:\/\/exasud.fr\/index.php\/wp-json\/wp\/v2\/pages\/830\/revisions"}],"predecessor-version":[{"id":4313,"href":"https:\/\/exasud.fr\/index.php\/wp-json\/wp\/v2\/pages\/830\/revisions\/4313"}],"wp:attachment":[{"href":"https:\/\/exasud.fr\/index.php\/wp-json\/wp\/v2\/media?parent=830"}],"curies":[{"name":"wp","href":"https:\/\/api.w.org\/{rel}","templated":true}]}}