{"id":845,"date":"2024-01-18T15:18:07","date_gmt":"2024-01-18T15:18:07","guid":{"rendered":"https:\/\/exasud.fr\/?page_id=845"},"modified":"2025-10-15T07:51:51","modified_gmt":"2025-10-15T07:51:51","slug":"realmont","status":"publish","type":"page","link":"https:\/\/exasud.fr\/index.php\/realmont\/","title":{"rendered":"REALMONT"},"content":{"rendered":"\t\t<div data-elementor-type=\"wp-page\" data-elementor-id=\"845\" class=\"elementor elementor-845\" data-elementor-post-type=\"page\">\n\t\t\t\t\t\t<section class=\"elementor-section elementor-top-section elementor-element elementor-element-315edd64 elementor-section-content-middle elementor-reverse-tablet elementor-reverse-mobile elementor-section-boxed elementor-section-height-default elementor-section-height-default\" data-id=\"315edd64\" data-element_type=\"section\" data-settings=\"{&quot;background_background&quot;:&quot;classic&quot;}\">\n\t\t\t\t\t\t\t<div class=\"elementor-background-overlay\"><\/div>\n\t\t\t\t\t\t\t<div class=\"elementor-container elementor-column-gap-default\">\n\t\t\t\t\t<div class=\"elementor-column elementor-col-50 elementor-top-column elementor-element elementor-element-228dcad9 elementor-invisible\" data-id=\"228dcad9\" data-element_type=\"column\" data-settings=\"{&quot;animation&quot;:&quot;fadeInLeft&quot;}\">\n\t\t\t<div class=\"elementor-widget-wrap elementor-element-populated\">\n\t\t\t\t\t\t<div class=\"elementor-element elementor-element-230c70 elementor-widget elementor-widget-heading\" data-id=\"230c70\" data-element_type=\"widget\" data-widget_type=\"heading.default\">\n\t\t\t\t<div class=\"elementor-widget-container\">\n\t\t\t\t\t<h2 class=\"elementor-heading-title elementor-size-default\">REALMONT<\/h2>\t\t\t\t<\/div>\n\t\t\t\t<\/div>\n\t\t\t\t\t<\/div>\n\t\t<\/div>\n\t\t\t\t<div class=\"elementor-column elementor-col-50 elementor-top-column elementor-element elementor-element-66424a66 elementor-invisible\" data-id=\"66424a66\" data-element_type=\"column\" data-settings=\"{&quot;animation&quot;:&quot;fadeInRight&quot;}\">\n\t\t\t<div class=\"elementor-widget-wrap elementor-element-populated\">\n\t\t\t\t\t\t<div class=\"elementor-element elementor-element-603b5da7 elementor-widget__width-initial elementor-widget elementor-widget-image\" data-id=\"603b5da7\" data-element_type=\"widget\" data-widget_type=\"image.default\">\n\t\t\t\t<div class=\"elementor-widget-container\">\n\t\t\t\t\t\t\t\t\t\t\t\t\t\t\t<img fetchpriority=\"high\" decoding=\"async\" width=\"2818\" height=\"1574\" src=\"https:\/\/exasud.fr\/wp-content\/uploads\/2024\/01\/iStock-1015085274-3.png\" class=\"attachment-full size-full wp-image-153\" alt=\"\" srcset=\"https:\/\/exasud.fr\/wp-content\/uploads\/2024\/01\/iStock-1015085274-3.png 2818w, https:\/\/exasud.fr\/wp-content\/uploads\/2024\/01\/iStock-1015085274-3-300x168.png 300w, https:\/\/exasud.fr\/wp-content\/uploads\/2024\/01\/iStock-1015085274-3-1024x572.png 1024w, https:\/\/exasud.fr\/wp-content\/uploads\/2024\/01\/iStock-1015085274-3-768x429.png 768w, https:\/\/exasud.fr\/wp-content\/uploads\/2024\/01\/iStock-1015085274-3-1536x858.png 1536w, https:\/\/exasud.fr\/wp-content\/uploads\/2024\/01\/iStock-1015085274-3-2048x1144.png 2048w\" sizes=\"(max-width: 2818px) 100vw, 2818px\" \/>\t\t\t\t\t\t\t\t\t\t\t\t\t\t\t<\/div>\n\t\t\t\t<\/div>\n\t\t\t\t\t<\/div>\n\t\t<\/div>\n\t\t\t\t\t<\/div>\n\t\t<\/section>\n\t\t\t\t<section class=\"elementor-section elementor-top-section elementor-element elementor-element-7953c03b elementor-section-content-middle elementor-section-boxed elementor-section-height-default elementor-section-height-default\" data-id=\"7953c03b\" data-element_type=\"section\">\n\t\t\t\t\t\t<div class=\"elementor-container elementor-column-gap-default\">\n\t\t\t\t\t<div class=\"elementor-column elementor-col-100 elementor-top-column elementor-element elementor-element-1bccb06e\" data-id=\"1bccb06e\" data-element_type=\"column\">\n\t\t\t<div class=\"elementor-widget-wrap elementor-element-populated\">\n\t\t\t\t\t\t<div class=\"elementor-element elementor-element-ebe508 elementor-widget elementor-widget-heading\" data-id=\"ebe508\" data-element_type=\"widget\" data-widget_type=\"heading.default\">\n\t\t\t\t<div class=\"elementor-widget-container\">\n\t\t\t\t\t<h2 class=\"elementor-heading-title elementor-size-default\">L\u2019agence Exasud est situ\u00e9e en plein c\u0153ur de R\u00e9almont, \u00e0 proximit\u00e9 \nde la mairie.<\/h2>\t\t\t\t<\/div>\n\t\t\t\t<\/div>\n\t\t\t\t<div class=\"elementor-element elementor-element-670ac412 elementor-widget__width-initial elementor-widget elementor-widget-text-editor\" data-id=\"670ac412\" data-element_type=\"widget\" data-widget_type=\"text-editor.default\">\n\t\t\t\t<div class=\"elementor-widget-container\">\n\t\t\t\t\t\t\t\t\t<p>Les experts Exasud de l\u2019agence de R\u00e9almont accompagnent les m\u00e9tiers des secteurs agricoles, les m\u00e9tiers TP\/BTP, professions lib\u00e9rales, commer\u00e7ants, artisans ou dans l\u2019exploitation des \u00e9nergies renouvelables. Notre \u00e9quipe vous assiste dans l&rsquo;am\u00e9lioration des performances de votre entreprise et de vos initiatives.\u00a0\u00a0<\/p><p>Rencontrez nos experts \u00e0 l\u2019agence R\u00e9almont pour \u00e9voquer le pilotage de votre entreprise et de vos projets.\u00a0<\/p>\t\t\t\t\t\t\t\t<\/div>\n\t\t\t\t<\/div>\n\t\t\t\t\t<\/div>\n\t\t<\/div>\n\t\t\t\t\t<\/div>\n\t\t<\/section>\n\t\t<div class=\"elementor-element elementor-element-6f2e5a0b e-flex e-con-boxed e-con e-parent\" data-id=\"6f2e5a0b\" data-element_type=\"container\">\n\t\t\t\t\t<div class=\"e-con-inner\">\n\t\t<div class=\"elementor-element elementor-element-61989d6d e-con-full e-flex e-con e-child\" data-id=\"61989d6d\" data-element_type=\"container\">\n\t\t<div class=\"elementor-element elementor-element-bb58964 e-flex e-con-boxed e-con e-child\" data-id=\"bb58964\" data-element_type=\"container\">\n\t\t\t\t\t<div class=\"e-con-inner\">\n\t\t\t\t<div class=\"elementor-element elementor-element-526f4c63 elementor-widget__width-initial elementor-view-default elementor-widget elementor-widget-icon\" data-id=\"526f4c63\" data-element_type=\"widget\" data-widget_type=\"icon.default\">\n\t\t\t\t<div class=\"elementor-widget-container\">\n\t\t\t\t\t\t\t<div class=\"elementor-icon-wrapper\">\n\t\t\t<div class=\"elementor-icon\">\n\t\t\t<i aria-hidden=\"true\" class=\"icon icon-map-marker1\"><\/i>\t\t\t<\/div>\n\t\t<\/div>\n\t\t\t\t\t\t<\/div>\n\t\t\t\t<\/div>\n\t\t\t\t<div class=\"elementor-element elementor-element-a863bc7 elementor-widget elementor-widget-text-editor\" data-id=\"a863bc7\" data-element_type=\"widget\" data-widget_type=\"text-editor.default\">\n\t\t\t\t<div class=\"elementor-widget-container\">\n\t\t\t\t\t\t\t\t\t<p>23 rue du Sellier, 81 120 Realmont<\/p>\t\t\t\t\t\t\t\t<\/div>\n\t\t\t\t<\/div>\n\t\t\t\t\t<\/div>\n\t\t\t\t<\/div>\n\t\t<div class=\"elementor-element elementor-element-150c8715 e-flex e-con-boxed e-con e-child\" data-id=\"150c8715\" data-element_type=\"container\">\n\t\t\t\t\t<div class=\"e-con-inner\">\n\t\t\t\t<div class=\"elementor-element elementor-element-37fe2bc7 elementor-widget elementor-widget-heading\" data-id=\"37fe2bc7\" data-element_type=\"widget\" data-widget_type=\"heading.default\">\n\t\t\t\t<div class=\"elementor-widget-container\">\n\t\t\t\t\t<h2 class=\"elementor-heading-title elementor-size-default\">Horaires<\/h2>\t\t\t\t<\/div>\n\t\t\t\t<\/div>\n\t\t<div class=\"elementor-element elementor-element-1a70b6af e-flex e-con-boxed e-con e-child\" data-id=\"1a70b6af\" data-element_type=\"container\">\n\t\t\t\t\t<div class=\"e-con-inner\">\n\t\t\t\t<div class=\"elementor-element elementor-element-4cdee397 elementor-widget elementor-widget-text-editor\" data-id=\"4cdee397\" data-element_type=\"widget\" data-widget_type=\"text-editor.default\">\n\t\t\t\t<div class=\"elementor-widget-container\">\n\t\t\t\t\t\t\t\t\t<p>Lundi<\/p><p>Mardi<\/p><p>Mercredi<\/p><p>Jeudi<\/p><p>Vendredi<\/p><p>Samedi<\/p><p>Dimanche<\/p>\t\t\t\t\t\t\t\t<\/div>\n\t\t\t\t<\/div>\n\t\t\t\t<div class=\"elementor-element elementor-element-527d8f1d elementor-widget elementor-widget-text-editor\" data-id=\"527d8f1d\" data-element_type=\"widget\" data-widget_type=\"text-editor.default\">\n\t\t\t\t<div class=\"elementor-widget-container\">\n\t\t\t\t\t\t\t\t\t<p>09:00\u2009\u2013\u200912:30, 14:00\u2009\u2013\u200917:30<\/p><p>09:00\u2009\u2013\u200912:30, 14:00\u2009\u2013\u200917:30<\/p><p>09:00\u2009\u2013\u200912:30, 14:00\u2009\u2013\u200917:30<\/p><p>09:00\u2009\u2013\u200912:30, 14:00\u2009\u2013\u200917:30<\/p><p>09:00\u2009\u2013\u200912:30, 14:00\u2009\u2013\u200917:30<\/p><p>Ferm\u00e9\u00a0<\/p><p>Ferm\u00e9<\/p>\t\t\t\t\t\t\t\t<\/div>\n\t\t\t\t<\/div>\n\t\t\t\t\t<\/div>\n\t\t\t\t<\/div>\n\t\t<div class=\"elementor-element elementor-element-480ef46a e-flex e-con-boxed e-con e-child\" data-id=\"480ef46a\" data-element_type=\"container\">\n\t\t\t\t\t<div class=\"e-con-inner\">\n\t\t\t\t<div class=\"elementor-element elementor-element-4a5cbd36 elementor-widget__width-initial elementor-view-default elementor-widget elementor-widget-icon\" data-id=\"4a5cbd36\" data-element_type=\"widget\" data-widget_type=\"icon.default\">\n\t\t\t\t<div class=\"elementor-widget-container\">\n\t\t\t\t\t\t\t<div class=\"elementor-icon-wrapper\">\n\t\t\t<div class=\"elementor-icon\">\n\t\t\t<i aria-hidden=\"true\" class=\"icon icon-phone-call\"><\/i>\t\t\t<\/div>\n\t\t<\/div>\n\t\t\t\t\t\t<\/div>\n\t\t\t\t<\/div>\n\t\t\t\t<div class=\"elementor-element elementor-element-6a251d20 elementor-widget elementor-widget-text-editor\" data-id=\"6a251d20\" data-element_type=\"widget\" data-widget_type=\"text-editor.default\">\n\t\t\t\t<div class=\"elementor-widget-container\">\n\t\t\t\t\t\t\t\t\t<p>05.63.55.59.73<\/p>\t\t\t\t\t\t\t\t<\/div>\n\t\t\t\t<\/div>\n\t\t\t\t<div class=\"elementor-element elementor-element-ac6aebd elementor-widget__width-initial elementor-view-default elementor-widget elementor-widget-icon\" data-id=\"ac6aebd\" data-element_type=\"widget\" data-widget_type=\"icon.default\">\n\t\t\t\t<div class=\"elementor-widget-container\">\n\t\t\t\t\t\t\t<div class=\"elementor-icon-wrapper\">\n\t\t\t<div class=\"elementor-icon\">\n\t\t\t<i aria-hidden=\"true\" class=\" ti-email\"><\/i>\t\t\t<\/div>\n\t\t<\/div>\n\t\t\t\t\t\t<\/div>\n\t\t\t\t<\/div>\n\t\t\t\t<div class=\"elementor-element elementor-element-54ef73f7 elementor-widget elementor-widget-text-editor\" data-id=\"54ef73f7\" data-element_type=\"widget\" data-widget_type=\"text-editor.default\">\n\t\t\t\t<div class=\"elementor-widget-container\">\n\t\t\t\t\t\t\t\t\t<p><a href=\"mailto:agc@exasud.fr\">agc@exasud.fr<\/a><\/p>\t\t\t\t\t\t\t\t<\/div>\n\t\t\t\t<\/div>\n\t\t\t\t\t<\/div>\n\t\t\t\t<\/div>\n\t\t\t\t\t<\/div>\n\t\t\t\t<\/div>\n\t\t\t\t<\/div>\n\t\t<div class=\"elementor-element elementor-element-43ce9553 e-con-full e-flex e-con e-child\" data-id=\"43ce9553\" data-element_type=\"container\">\n\t\t\t\t<div class=\"elementor-element elementor-element-49aeaf37 elementor-widget elementor-widget-google_maps\" data-id=\"49aeaf37\" data-element_type=\"widget\" data-widget_type=\"google_maps.default\">\n\t\t\t\t<div class=\"elementor-widget-container\">\n\t\t\t\t\t\t\t<div class=\"elementor-custom-embed\">\n\t\t\t<iframe loading=\"lazy\"\n\t\t\t\t\tsrc=\"https:\/\/maps.google.com\/maps?q=23%20rue%20du%20Sellier%2C%2081%20120%20realmont&#038;t=m&#038;z=14&#038;output=embed&#038;iwloc=near\"\n\t\t\t\t\ttitle=\"23 rue du Sellier, 81 120 realmont\"\n\t\t\t\t\taria-label=\"23 rue du Sellier, 81 120 realmont\"\n\t\t\t><\/iframe>\n\t\t<\/div>\n\t\t\t\t\t\t<\/div>\n\t\t\t\t<\/div>\n\t\t\t\t<\/div>\n\t\t\t\t\t<\/div>\n\t\t\t\t<\/div>\n\t\t\t\t<\/div>\n\t\t","protected":false},"excerpt":{"rendered":"<p>REALMONT L\u2019agence Exasud est situ\u00e9e en plein c\u0153ur de R\u00e9almont, \u00e0 proximit\u00e9 de la mairie. Les experts Exasud de l\u2019agence de R\u00e9almont accompagnent les m\u00e9tiers des secteurs agricoles, les m\u00e9tiers TP\/BTP, professions lib\u00e9rales, commer\u00e7ants, artisans ou dans l\u2019exploitation des \u00e9nergies renouvelables. Notre \u00e9quipe vous assiste dans l&rsquo;am\u00e9lioration des performances de votre entreprise et de vos [&hellip;]<\/p>\n","protected":false},"author":1,"featured_media":0,"parent":0,"menu_order":0,"comment_status":"closed","ping_status":"closed","template":"elementor_header_footer","meta":{"footnotes":""},"class_list":["post-845","page","type-page","status-publish","hentry","entry"],"yoast_head":"<!-- This site is optimized with the Yoast SEO plugin v25.8 - https:\/\/yoast.com\/wordpress\/plugins\/seo\/ -->\n<title>REALMONT - exasud<\/title>\n<meta name=\"description\" content=\"Les experts Exasud de l\u2019agence de R\u00e9almont accompagnent les m\u00e9tiers des secteurs agricoles, les m\u00e9tiers TP\/BTP, professions lib\u00e9rales, commer\u00e7ants, artisans ou dans l\u2019exploitation des \u00e9nergies renouvelables.\" \/>\n<meta name=\"robots\" content=\"index, follow, max-snippet:-1, max-image-preview:large, max-video-preview:-1\" \/>\n<link rel=\"canonical\" href=\"https:\/\/exasud.fr\/index.php\/realmont\/\" \/>\n<meta property=\"og:locale\" content=\"fr_FR\" \/>\n<meta property=\"og:type\" content=\"article\" \/>\n<meta property=\"og:title\" content=\"REALMONT - exasud\" \/>\n<meta property=\"og:description\" content=\"Les experts Exasud de l\u2019agence de R\u00e9almont accompagnent les m\u00e9tiers des secteurs agricoles, les m\u00e9tiers TP\/BTP, professions lib\u00e9rales, commer\u00e7ants, artisans ou dans l\u2019exploitation des \u00e9nergies renouvelables.\" \/>\n<meta property=\"og:url\" content=\"https:\/\/exasud.fr\/index.php\/realmont\/\" \/>\n<meta property=\"og:site_name\" content=\"exasud\" \/>\n<meta property=\"article:modified_time\" content=\"2025-10-15T07:51:51+00:00\" \/>\n<meta property=\"og:image\" content=\"https:\/\/exasud.fr\/wp-content\/uploads\/2024\/01\/iStock-1015085274-3.png\" \/>\n\t<meta property=\"og:image:width\" content=\"2818\" \/>\n\t<meta property=\"og:image:height\" content=\"1574\" \/>\n\t<meta property=\"og:image:type\" content=\"image\/png\" \/>\n<meta name=\"twitter:card\" content=\"summary_large_image\" \/>\n<meta name=\"twitter:label1\" content=\"Dur\u00e9e de lecture estim\u00e9e\" \/>\n\t<meta name=\"twitter:data1\" content=\"1 minute\" \/>\n<script type=\"application\/ld+json\" class=\"yoast-schema-graph\">{\"@context\":\"https:\/\/schema.org\",\"@graph\":[{\"@type\":\"WebPage\",\"@id\":\"https:\/\/exasud.fr\/index.php\/realmont\/\",\"url\":\"https:\/\/exasud.fr\/index.php\/realmont\/\",\"name\":\"REALMONT - exasud\",\"isPartOf\":{\"@id\":\"https:\/\/exasud.fr\/#website\"},\"primaryImageOfPage\":{\"@id\":\"https:\/\/exasud.fr\/index.php\/realmont\/#primaryimage\"},\"image\":{\"@id\":\"https:\/\/exasud.fr\/index.php\/realmont\/#primaryimage\"},\"thumbnailUrl\":\"https:\/\/exasud.fr\/wp-content\/uploads\/2024\/01\/iStock-1015085274-3.png\",\"datePublished\":\"2024-01-18T15:18:07+00:00\",\"dateModified\":\"2025-10-15T07:51:51+00:00\",\"description\":\"Les experts Exasud de l\u2019agence de R\u00e9almont accompagnent les m\u00e9tiers des secteurs agricoles, les m\u00e9tiers TP\/BTP, professions lib\u00e9rales, commer\u00e7ants, artisans ou dans l\u2019exploitation des \u00e9nergies renouvelables.\",\"breadcrumb\":{\"@id\":\"https:\/\/exasud.fr\/index.php\/realmont\/#breadcrumb\"},\"inLanguage\":\"fr-FR\",\"potentialAction\":[{\"@type\":\"ReadAction\",\"target\":[\"https:\/\/exasud.fr\/index.php\/realmont\/\"]}]},{\"@type\":\"ImageObject\",\"inLanguage\":\"fr-FR\",\"@id\":\"https:\/\/exasud.fr\/index.php\/realmont\/#primaryimage\",\"url\":\"https:\/\/exasud.fr\/wp-content\/uploads\/2024\/01\/iStock-1015085274-3.png\",\"contentUrl\":\"https:\/\/exasud.fr\/wp-content\/uploads\/2024\/01\/iStock-1015085274-3.png\",\"width\":2818,\"height\":1574},{\"@type\":\"BreadcrumbList\",\"@id\":\"https:\/\/exasud.fr\/index.php\/realmont\/#breadcrumb\",\"itemListElement\":[{\"@type\":\"ListItem\",\"position\":1,\"name\":\"Accueil\",\"item\":\"https:\/\/exasud.fr\/\"},{\"@type\":\"ListItem\",\"position\":2,\"name\":\"REALMONT\"}]},{\"@type\":\"WebSite\",\"@id\":\"https:\/\/exasud.fr\/#website\",\"url\":\"https:\/\/exasud.fr\/\",\"name\":\"exasud\",\"description\":\"\",\"publisher\":{\"@id\":\"https:\/\/exasud.fr\/#organization\"},\"potentialAction\":[{\"@type\":\"SearchAction\",\"target\":{\"@type\":\"EntryPoint\",\"urlTemplate\":\"https:\/\/exasud.fr\/?s={search_term_string}\"},\"query-input\":{\"@type\":\"PropertyValueSpecification\",\"valueRequired\":true,\"valueName\":\"search_term_string\"}}],\"inLanguage\":\"fr-FR\"},{\"@type\":\"Organization\",\"@id\":\"https:\/\/exasud.fr\/#organization\",\"name\":\"exasud\",\"url\":\"https:\/\/exasud.fr\/\",\"logo\":{\"@type\":\"ImageObject\",\"inLanguage\":\"fr-FR\",\"@id\":\"https:\/\/exasud.fr\/#\/schema\/logo\/image\/\",\"url\":\"https:\/\/exasud.fr\/wp-content\/uploads\/2024\/01\/Exasud_Baseline_RVB.png\",\"contentUrl\":\"https:\/\/exasud.fr\/wp-content\/uploads\/2024\/01\/Exasud_Baseline_RVB.png\",\"width\":2329,\"height\":1273,\"caption\":\"exasud\"},\"image\":{\"@id\":\"https:\/\/exasud.fr\/#\/schema\/logo\/image\/\"}}]}<\/script>\n<!-- \/ Yoast SEO plugin. -->","yoast_head_json":{"title":"REALMONT - exasud","description":"Les experts Exasud de l\u2019agence de R\u00e9almont accompagnent les m\u00e9tiers des secteurs agricoles, les m\u00e9tiers TP\/BTP, professions lib\u00e9rales, commer\u00e7ants, artisans ou dans l\u2019exploitation des \u00e9nergies renouvelables.","robots":{"index":"index","follow":"follow","max-snippet":"max-snippet:-1","max-image-preview":"max-image-preview:large","max-video-preview":"max-video-preview:-1"},"canonical":"https:\/\/exasud.fr\/index.php\/realmont\/","og_locale":"fr_FR","og_type":"article","og_title":"REALMONT - exasud","og_description":"Les experts Exasud de l\u2019agence de R\u00e9almont accompagnent les m\u00e9tiers des secteurs agricoles, les m\u00e9tiers TP\/BTP, professions lib\u00e9rales, commer\u00e7ants, artisans ou dans l\u2019exploitation des \u00e9nergies renouvelables.","og_url":"https:\/\/exasud.fr\/index.php\/realmont\/","og_site_name":"exasud","article_modified_time":"2025-10-15T07:51:51+00:00","og_image":[{"width":2818,"height":1574,"url":"https:\/\/exasud.fr\/wp-content\/uploads\/2024\/01\/iStock-1015085274-3.png","type":"image\/png"}],"twitter_card":"summary_large_image","twitter_misc":{"Dur\u00e9e de lecture estim\u00e9e":"1 minute"},"schema":{"@context":"https:\/\/schema.org","@graph":[{"@type":"WebPage","@id":"https:\/\/exasud.fr\/index.php\/realmont\/","url":"https:\/\/exasud.fr\/index.php\/realmont\/","name":"REALMONT - exasud","isPartOf":{"@id":"https:\/\/exasud.fr\/#website"},"primaryImageOfPage":{"@id":"https:\/\/exasud.fr\/index.php\/realmont\/#primaryimage"},"image":{"@id":"https:\/\/exasud.fr\/index.php\/realmont\/#primaryimage"},"thumbnailUrl":"https:\/\/exasud.fr\/wp-content\/uploads\/2024\/01\/iStock-1015085274-3.png","datePublished":"2024-01-18T15:18:07+00:00","dateModified":"2025-10-15T07:51:51+00:00","description":"Les experts Exasud de l\u2019agence de R\u00e9almont accompagnent les m\u00e9tiers des secteurs agricoles, les m\u00e9tiers TP\/BTP, professions lib\u00e9rales, commer\u00e7ants, artisans ou dans l\u2019exploitation des \u00e9nergies renouvelables.","breadcrumb":{"@id":"https:\/\/exasud.fr\/index.php\/realmont\/#breadcrumb"},"inLanguage":"fr-FR","potentialAction":[{"@type":"ReadAction","target":["https:\/\/exasud.fr\/index.php\/realmont\/"]}]},{"@type":"ImageObject","inLanguage":"fr-FR","@id":"https:\/\/exasud.fr\/index.php\/realmont\/#primaryimage","url":"https:\/\/exasud.fr\/wp-content\/uploads\/2024\/01\/iStock-1015085274-3.png","contentUrl":"https:\/\/exasud.fr\/wp-content\/uploads\/2024\/01\/iStock-1015085274-3.png","width":2818,"height":1574},{"@type":"BreadcrumbList","@id":"https:\/\/exasud.fr\/index.php\/realmont\/#breadcrumb","itemListElement":[{"@type":"ListItem","position":1,"name":"Accueil","item":"https:\/\/exasud.fr\/"},{"@type":"ListItem","position":2,"name":"REALMONT"}]},{"@type":"WebSite","@id":"https:\/\/exasud.fr\/#website","url":"https:\/\/exasud.fr\/","name":"exasud","description":"","publisher":{"@id":"https:\/\/exasud.fr\/#organization"},"potentialAction":[{"@type":"SearchAction","target":{"@type":"EntryPoint","urlTemplate":"https:\/\/exasud.fr\/?s={search_term_string}"},"query-input":{"@type":"PropertyValueSpecification","valueRequired":true,"valueName":"search_term_string"}}],"inLanguage":"fr-FR"},{"@type":"Organization","@id":"https:\/\/exasud.fr\/#organization","name":"exasud","url":"https:\/\/exasud.fr\/","logo":{"@type":"ImageObject","inLanguage":"fr-FR","@id":"https:\/\/exasud.fr\/#\/schema\/logo\/image\/","url":"https:\/\/exasud.fr\/wp-content\/uploads\/2024\/01\/Exasud_Baseline_RVB.png","contentUrl":"https:\/\/exasud.fr\/wp-content\/uploads\/2024\/01\/Exasud_Baseline_RVB.png","width":2329,"height":1273,"caption":"exasud"},"image":{"@id":"https:\/\/exasud.fr\/#\/schema\/logo\/image\/"}}]}},"_links":{"self":[{"href":"https:\/\/exasud.fr\/index.php\/wp-json\/wp\/v2\/pages\/845","targetHints":{"allow":["GET"]}}],"collection":[{"href":"https:\/\/exasud.fr\/index.php\/wp-json\/wp\/v2\/pages"}],"about":[{"href":"https:\/\/exasud.fr\/index.php\/wp-json\/wp\/v2\/types\/page"}],"author":[{"embeddable":true,"href":"https:\/\/exasud.fr\/index.php\/wp-json\/wp\/v2\/users\/1"}],"replies":[{"embeddable":true,"href":"https:\/\/exasud.fr\/index.php\/wp-json\/wp\/v2\/comments?post=845"}],"version-history":[{"count":38,"href":"https:\/\/exasud.fr\/index.php\/wp-json\/wp\/v2\/pages\/845\/revisions"}],"predecessor-version":[{"id":4337,"href":"https:\/\/exasud.fr\/index.php\/wp-json\/wp\/v2\/pages\/845\/revisions\/4337"}],"wp:attachment":[{"href":"https:\/\/exasud.fr\/index.php\/wp-json\/wp\/v2\/media?parent=845"}],"curies":[{"name":"wp","href":"https:\/\/api.w.org\/{rel}","templated":true}]}}